{"id":2283,"date":"2023-11-21T09:25:47","date_gmt":"2023-11-21T09:25:47","guid":{"rendered":"https:\/\/tecnospan.es\/?page_id=2283"},"modified":"2023-11-21T09:40:31","modified_gmt":"2023-11-21T09:40:31","slug":"aviso-legal","status":"publish","type":"page","link":"https:\/\/tecnospan.es\/en\/aviso-legal\/","title":{"rendered":"Legal Notice"},"content":{"rendered":"<div data-elementor-type=\"wp-page\" data-elementor-id=\"2283\" class=\"elementor elementor-2283\" data-elementor-post-type=\"page\">\n\t\t\t\t\t\t<section class=\"elementor-section elementor-top-section elementor-element elementor-element-0214072 elementor-section-boxed elementor-section-height-default elementor-section-height-default\" data-id=\"0214072\" data-element_type=\"section\">\n\t\t\t\t\t\t<div class=\"elementor-container elementor-column-gap-default\">\n\t\t\t\t\t<div class=\"elementor-column elementor-col-100 elementor-top-column elementor-element elementor-element-20aedfc\" data-id=\"20aedfc\" data-element_type=\"column\">\n\t\t\t<div class=\"elementor-widget-wrap elementor-element-populated\">\n\t\t\t\t\t\t<div class=\"elementor-element elementor-element-c513648 elementor-widget elementor-widget-heading\" data-id=\"c513648\" data-element_type=\"widget\" data-widget_type=\"heading.default\">\n\t\t\t\t<div class=\"elementor-widget-container\">\n\t\t\t\t\t<h2 class=\"elementor-heading-title elementor-size-default\">Legal Notice<\/h2>\t\t\t\t<\/div>\n\t\t\t\t<\/div>\n\t\t\t\t<div class=\"elementor-element elementor-element-a248eee elementor-widget elementor-widget-text-editor\" data-id=\"a248eee\" data-element_type=\"widget\" data-widget_type=\"text-editor.default\">\n\t\t\t\t<div class=\"elementor-widget-container\">\n\t\t\t\t\t\t\t\t\t<p>In compliance with Law 34\/2002, of 11 July, on Information Society Services and Electronic Commerce, we hereby inform you of the following information:<\/p><p>Owner of this site:<\/p><p><strong>AZCONA &amp; PANTOJA, S.L. (hereinafter, TECNOSPAN)<\/strong><\/p><p>C\/Collao, 18-19 P.I. La Pahilla de Chiva (46370) Valencia<\/p><p>NIF:\u00a0<strong>B96811070<\/strong><\/p><p>Tel:\u00a0<strong>962524535<\/strong><\/p><p>e-mail: <strong><a href=\"mailto:tecnospan@tecnospan.es\">tecnospan@tecnospan.es<\/a>\u00a0 \u00a0<\/strong><\/p><p>The use of the content and\/or services of the portal by the user implies the express acceptance of the following conditions:<\/p><p><strong>\u00a0<\/strong><\/p><p><strong>Terms of use of the portal<\/strong><\/p><p><strong>TECNOSPAN <\/strong>reserves the right to make changes to the content of this portal without prior notice, as well as to its configuration and presentation. This portal may contain links to external pages, and is not responsible for the content of these external pages or any other aspect related to them.<\/p><p>The texts, images, logos and other contents included in this portal are the property of <strong>TECNOSPAN. <\/strong>Transmission, distribution, reproduction or storage, in whole or in part, is prohibited except with the prior consent of <strong>TECNOSPAN<\/strong>except where otherwise stated.<\/p><p>In order to install or use any software that is available for download from this portal, you must first accept the terms of the license agreement, if any, that accompanies or is included in the software. is not responsible for any damage that may occur due to the use of outdated versions of browsers, or for the consequences that may arise from the malfunction of the browser, either by improper configuration, presence of computer viruses or any other cause beyond its control. <strong>TECNOSPAN<\/strong><\/p><p><strong>\u00a0<\/strong><\/p><p><strong>Protection of personal data<\/strong><\/p><p>In compliance with Organic Law 3\/2018, of 5 December, on the Protection of Personal Data and the guarantee of digital rights, <strong>TECNOSPAN <\/strong>informs you that the personal data that you provide when filling in any registration, application or consultation form that appears on this website will be processed and collected in a data processing system (called \"<strong>WEB USERS<\/strong>\") for which the person in charge is <strong>TECNOSPAN<\/strong><\/p><p>To exercise your rights of access, rectification, opposition, deletion, portability and limitation of the processing of your personal data, under the terms and conditions provided for in the data protection regulations in force, you can write to <strong>TECNOSPAN<\/strong><strong>,\u00a0<\/strong>C\/ Collao, 18-19 de Chiva (46370) Valencia<\/p><p>The collection of your personal data is carried out with the main purpose of being able to offer and provide you with the services offered on this website.<\/p><p><strong>TECNOSPAN <\/strong>will use the personal data provided by you exclusively for the purposes indicated.<\/p><p>We do not share the information provided with third parties except as required by law or legal process, and in no case do we sell this type of information.<\/p><p><strong>TECNOSPAN <\/strong>informs you that it has implemented the necessary technical and organisational security measures to guarantee the security of your personal data and prevent its alteration, loss, processing and\/or unauthorised access, in accordance with the provisions of Organic Law 3\/2018, of 5 December, on the Protection of Personal Data and the guarantee of digital rights.<\/p><p><strong>Applicable law and jurisdiction<\/strong><strong>\u00a0<\/strong><\/p><p>This Legal Notice is governed in each and every one of its aspects by Spanish law, and the Courts and Tribunals of Valencia shall be competent for the resolution of any conflict arising from or related to the use of this portal.<\/p>\t\t\t\t\t\t\t\t<\/div>\n\t\t\t\t<\/div>\n\t\t\t\t\t<\/div>\n\t\t<\/div>\n\t\t\t\t\t<\/div>\n\t\t<\/section>\n\t\t\t\t<\/div>","protected":false},"excerpt":{"rendered":"<p>Legal Notice In compliance with Law 34\/2002, of 11 July, on Information Society Services and Electronic Commerce, we inform you of the following information: Owner of this site: AZCONA &amp; PANTOJA, S.L. (hereinafter, TECNOSPAN) C\/Collao, 18-19 P.I. La Pahilla de Chiva (46370) Valencia NIF: B96811070 Telf.: 962524535 e-mail: tecnospan@tecnospan.es La ...<\/p>\n<p class=\"read-more\"> <a class=\"\" href=\"https:\/\/tecnospan.es\/en\/aviso-legal\/\"> <span class=\"screen-reader-text\">Legal Notice<\/span> Read More \"<\/a><\/p>","protected":false},"author":1,"featured_media":0,"parent":0,"menu_order":0,"comment_status":"closed","ping_status":"closed","template":"","meta":{"site-sidebar-layout":"no-sidebar","site-content-layout":"page-builder","ast-global-header-display":"","ast-banner-title-visibility":"","ast-main-header-display":"","ast-hfb-above-header-display":"","ast-hfb-below-header-display":"","ast-hfb-mobile-header-display":"","site-post-title":"disabled","ast-breadcrumbs-content":"","ast-featured-img":"disabled","footer-sml-layout":"","theme-transparent-header-meta":"","adv-header-id-meta":"","stick-header-meta":"","header-above-stick-meta":"","header-main-stick-meta":"","header-below-stick-meta":"","footnotes":""},"class_list":["post-2283","page","type-page","status-publish","hentry"],"yoast_head":"<!-- This site is optimized with the Yoast SEO plugin v26.0 - https:\/\/yoast.com\/wordpress\/plugins\/seo\/ -->\n<title>Aviso Legal - Tecnospan<\/title>\n<meta name=\"robots\" content=\"index, follow, max-snippet:-1, max-image-preview:large, max-video-preview:-1\" \/>\n<link rel=\"canonical\" href=\"https:\/\/tecnospan.es\/en\/aviso-legal\/\" \/>\n<meta property=\"og:locale\" content=\"en_GB\" \/>\n<meta property=\"og:type\" content=\"article\" \/>\n<meta property=\"og:title\" content=\"Aviso Legal - Tecnospan\" \/>\n<meta property=\"og:description\" content=\"Aviso Legal En cumplimiento de la Ley 34\/2002, de 11 de Julio, de Servicios de la Sociedad de la Informaci\u00f3n y del Comercio Electr\u00f3nico le comunicamos la siguiente informaci\u00f3n: Titular de este sitio: AZCONA &amp; PANTOJA, S.L. (en adelante, TECNOSPAN) C\/Collao, 18-19 P.I. La Pahilla de Chiva (46370) Valencia NIF:\u00a0B96811070 Telf.:\u00a0962524535 e-mail: tecnospan@tecnospan.es\u00a0 \u00a0 La &hellip; Aviso Legal Read More &raquo;\" \/>\n<meta property=\"og:url\" content=\"https:\/\/tecnospan.es\/en\/aviso-legal\/\" \/>\n<meta property=\"og:site_name\" content=\"Tecnospan\" \/>\n<meta property=\"article:modified_time\" content=\"2023-11-21T09:40:31+00:00\" \/>\n<meta name=\"twitter:card\" content=\"summary_large_image\" \/>\n<meta name=\"twitter:label1\" content=\"Estimated reading time\" \/>\n\t<meta name=\"twitter:data1\" content=\"3 minutes\" \/>\n<script type=\"application\/ld+json\" class=\"yoast-schema-graph\">{\"@context\":\"https:\/\/schema.org\",\"@graph\":[{\"@type\":\"WebPage\",\"@id\":\"https:\/\/tecnospan.es\/aviso-legal\/\",\"url\":\"https:\/\/tecnospan.es\/aviso-legal\/\",\"name\":\"Aviso Legal - Tecnospan\",\"isPartOf\":{\"@id\":\"https:\/\/tecnospan.es\/#website\"},\"datePublished\":\"2023-11-21T09:25:47+00:00\",\"dateModified\":\"2023-11-21T09:40:31+00:00\",\"breadcrumb\":{\"@id\":\"https:\/\/tecnospan.es\/aviso-legal\/#breadcrumb\"},\"inLanguage\":\"en-GB\",\"potentialAction\":[{\"@type\":\"ReadAction\",\"target\":[\"https:\/\/tecnospan.es\/aviso-legal\/\"]}]},{\"@type\":\"BreadcrumbList\",\"@id\":\"https:\/\/tecnospan.es\/aviso-legal\/#breadcrumb\",\"itemListElement\":[{\"@type\":\"ListItem\",\"position\":1,\"name\":\"Portada\",\"item\":\"https:\/\/tecnospan.es\/\"},{\"@type\":\"ListItem\",\"position\":2,\"name\":\"Aviso Legal\"}]},{\"@type\":\"WebSite\",\"@id\":\"https:\/\/tecnospan.es\/#website\",\"url\":\"https:\/\/tecnospan.es\/\",\"name\":\"Tecnospan\",\"description\":\"\",\"publisher\":{\"@id\":\"https:\/\/tecnospan.es\/#organization\"},\"potentialAction\":[{\"@type\":\"SearchAction\",\"target\":{\"@type\":\"EntryPoint\",\"urlTemplate\":\"https:\/\/tecnospan.es\/?s={search_term_string}\"},\"query-input\":{\"@type\":\"PropertyValueSpecification\",\"valueRequired\":true,\"valueName\":\"search_term_string\"}}],\"inLanguage\":\"en-GB\"},{\"@type\":\"Organization\",\"@id\":\"https:\/\/tecnospan.es\/#organization\",\"name\":\"Tecnospan\",\"url\":\"https:\/\/tecnospan.es\/\",\"logo\":{\"@type\":\"ImageObject\",\"inLanguage\":\"en-GB\",\"@id\":\"https:\/\/tecnospan.es\/#\/schema\/logo\/image\/\",\"url\":\"https:\/\/tecnospan.es\/wp-content\/uploads\/2023\/06\/logoTecnospan.png\",\"contentUrl\":\"https:\/\/tecnospan.es\/wp-content\/uploads\/2023\/06\/logoTecnospan.png\",\"width\":300,\"height\":72,\"caption\":\"Tecnospan\"},\"image\":{\"@id\":\"https:\/\/tecnospan.es\/#\/schema\/logo\/image\/\"}}]}<\/script>\n<!-- \/ Yoast SEO plugin. -->","yoast_head_json":{"title":"Legal Notice - Tecnospan","robots":{"index":"index","follow":"follow","max-snippet":"max-snippet:-1","max-image-preview":"max-image-preview:large","max-video-preview":"max-video-preview:-1"},"canonical":"https:\/\/tecnospan.es\/en\/aviso-legal\/","og_locale":"en_GB","og_type":"article","og_title":"Aviso Legal - Tecnospan","og_description":"Aviso Legal En cumplimiento de la Ley 34\/2002, de 11 de Julio, de Servicios de la Sociedad de la Informaci\u00f3n y del Comercio Electr\u00f3nico le comunicamos la siguiente informaci\u00f3n: Titular de este sitio: AZCONA &amp; PANTOJA, S.L. (en adelante, TECNOSPAN) C\/Collao, 18-19 P.I. La Pahilla de Chiva (46370) Valencia NIF:\u00a0B96811070 Telf.:\u00a0962524535 e-mail: tecnospan@tecnospan.es\u00a0 \u00a0 La &hellip; Aviso Legal Read More &raquo;","og_url":"https:\/\/tecnospan.es\/en\/aviso-legal\/","og_site_name":"Tecnospan","article_modified_time":"2023-11-21T09:40:31+00:00","twitter_card":"summary_large_image","twitter_misc":{"Estimated reading time":"3 minutes"},"schema":{"@context":"https:\/\/schema.org","@graph":[{"@type":"WebPage","@id":"https:\/\/tecnospan.es\/aviso-legal\/","url":"https:\/\/tecnospan.es\/aviso-legal\/","name":"Legal Notice - Tecnospan","isPartOf":{"@id":"https:\/\/tecnospan.es\/#website"},"datePublished":"2023-11-21T09:25:47+00:00","dateModified":"2023-11-21T09:40:31+00:00","breadcrumb":{"@id":"https:\/\/tecnospan.es\/aviso-legal\/#breadcrumb"},"inLanguage":"en-GB","potentialAction":[{"@type":"ReadAction","target":["https:\/\/tecnospan.es\/aviso-legal\/"]}]},{"@type":"BreadcrumbList","@id":"https:\/\/tecnospan.es\/aviso-legal\/#breadcrumb","itemListElement":[{"@type":"ListItem","position":1,"name":"Portada","item":"https:\/\/tecnospan.es\/"},{"@type":"ListItem","position":2,"name":"Aviso Legal"}]},{"@type":"WebSite","@id":"https:\/\/tecnospan.es\/#website","url":"https:\/\/tecnospan.es\/","name":"Tecnospan","description":"","publisher":{"@id":"https:\/\/tecnospan.es\/#organization"},"potentialAction":[{"@type":"SearchAction","target":{"@type":"EntryPoint","urlTemplate":"https:\/\/tecnospan.es\/?s={search_term_string}"},"query-input":{"@type":"PropertyValueSpecification","valueRequired":true,"valueName":"search_term_string"}}],"inLanguage":"en-GB"},{"@type":"Organization","@id":"https:\/\/tecnospan.es\/#organization","name":"Tecnospan","url":"https:\/\/tecnospan.es\/","logo":{"@type":"ImageObject","inLanguage":"en-GB","@id":"https:\/\/tecnospan.es\/#\/schema\/logo\/image\/","url":"https:\/\/tecnospan.es\/wp-content\/uploads\/2023\/06\/logoTecnospan.png","contentUrl":"https:\/\/tecnospan.es\/wp-content\/uploads\/2023\/06\/logoTecnospan.png","width":300,"height":72,"caption":"Tecnospan"},"image":{"@id":"https:\/\/tecnospan.es\/#\/schema\/logo\/image\/"}}]}},"_links":{"self":[{"href":"https:\/\/tecnospan.es\/en\/wp-json\/wp\/v2\/pages\/2283","targetHints":{"allow":["GET"]}}],"collection":[{"href":"https:\/\/tecnospan.es\/en\/wp-json\/wp\/v2\/pages"}],"about":[{"href":"https:\/\/tecnospan.es\/en\/wp-json\/wp\/v2\/types\/page"}],"author":[{"embeddable":true,"href":"https:\/\/tecnospan.es\/en\/wp-json\/wp\/v2\/users\/1"}],"replies":[{"embeddable":true,"href":"https:\/\/tecnospan.es\/en\/wp-json\/wp\/v2\/comments?post=2283"}],"version-history":[{"count":0,"href":"https:\/\/tecnospan.es\/en\/wp-json\/wp\/v2\/pages\/2283\/revisions"}],"wp:attachment":[{"href":"https:\/\/tecnospan.es\/en\/wp-json\/wp\/v2\/media?parent=2283"}],"curies":[{"name":"wp","href":"https:\/\/api.w.org\/{rel}","templated":true}]}}