{"id":2295,"date":"2023-11-21T09:42:20","date_gmt":"2023-11-21T09:42:20","guid":{"rendered":"https:\/\/tecnospan.es\/?page_id=2295"},"modified":"2023-11-21T09:46:19","modified_gmt":"2023-11-21T09:46:19","slug":"politica-de-privacidad","status":"publish","type":"page","link":"https:\/\/tecnospan.es\/en\/politica-de-privacidad\/","title":{"rendered":"Privacy policy"},"content":{"rendered":"<div data-elementor-type=\"wp-page\" data-elementor-id=\"2295\" class=\"elementor elementor-2295\" data-elementor-post-type=\"page\">\n\t\t\t\t\t\t<section class=\"elementor-section elementor-top-section elementor-element elementor-element-0214072 elementor-section-boxed elementor-section-height-default elementor-section-height-default\" data-id=\"0214072\" data-element_type=\"section\">\n\t\t\t\t\t\t<div class=\"elementor-container elementor-column-gap-default\">\n\t\t\t\t\t<div class=\"elementor-column elementor-col-100 elementor-top-column elementor-element elementor-element-20aedfc\" data-id=\"20aedfc\" data-element_type=\"column\">\n\t\t\t<div class=\"elementor-widget-wrap elementor-element-populated\">\n\t\t\t\t\t\t<div class=\"elementor-element elementor-element-c513648 elementor-widget elementor-widget-heading\" data-id=\"c513648\" data-element_type=\"widget\" data-widget_type=\"heading.default\">\n\t\t\t\t<div class=\"elementor-widget-container\">\n\t\t\t\t\t<h2 class=\"elementor-heading-title elementor-size-default\">Privacy Policy<\/h2>\t\t\t\t<\/div>\n\t\t\t\t<\/div>\n\t\t\t\t<div class=\"elementor-element elementor-element-a248eee elementor-widget elementor-widget-text-editor\" data-id=\"a248eee\" data-element_type=\"widget\" data-widget_type=\"text-editor.default\">\n\t\t\t\t<div class=\"elementor-widget-container\">\n\t\t\t\t\t\t\t\t\t<p>The owner of the website and data controller, <strong>AZCONA &amp; PANTOJA, S.L. (hereinafter referred to as TECNOSPAN<\/strong><strong>) <\/strong>with address at C\/ Collao, 18-19 de Chiva (46370) Valencia and NIF: <strong>B96811070<\/strong>is the owner of the Portal and makes it available to Internet users in order to provide information on the services it offers. <strong>TECNOSPAN<\/strong>and to enable the provision of services through the Portal.<\/p><p><strong><u>\u00a0<\/u><\/strong><\/p><p><strong><u>Contact details<\/u><\/strong><\/p><p>Contact telephone number:\u00a0<strong>962524535<\/strong><\/p><p>For any management or request with respect to the privacy of <strong>TECNOSPAN<\/strong>The user can contact our e-mail address at <strong><a href=\"mailto:tecnospan@tecnospan.es\">tecnospan@tecnospan.es<\/a>\u00a0 \u00a0 \u00a0 \u00a0 \u00a0<\/strong>\u00a0<\/p><p><strong>1.- Purpose For what purposes do we process your data?<\/strong><\/p><p><strong>TECNOSPAN <\/strong>informs the User of the existence of personal data processing (<strong>treatment called \"WEB USERS\".<\/strong>) created with the data obtained from the website by and for <strong>TECNOSPAN <\/strong>and under their responsibility.\u00a0<\/p><p>This processing has been created for the purpose of providing information on the provision of the services offered by the Portal, as well as to attend to and manage the queries made by users through this channel.<\/p><ul><li>The terms of conservation of the data that users provide us with through the forms on the website are as follows:<ul><li>In the case of enquiries: Once the enquiry has been answered, the current year<\/li><li>In the case of contracting any of our services: For the duration of the contractual relationship<\/li><\/ul><\/li><\/ul><p>\u00a0<\/p><p>\u00a0<strong>2.- Legitimation What is the legitimation for the processing of your data?<\/strong><\/p><p>The legal basis for the processing of users' personal data is the\u00a0<strong>the data subject's own consent<\/strong>.<\/p><p>Likewise, the prospective offer of services is based on the consent requested from the user, and the withdrawal of this consent does not in any case condition the execution of other purposes.<\/p><p>Users are not obliged to provide us with their personal data, but if they do not provide us with the minimum data requested, they will not be able to carry out the operations offered online on our website, such as dealing with queries, contacting us, leaving a comment, participating and\/or accessing certain sections of the website.<\/p><p>Furthermore, we inform you that you may revoke your consent to the collection and processing of your personal data at any time, by means of the procedure we establish for this purpose, without this affecting the lawfulness of the processing based on the consent prior to its withdrawal.<\/p><p>\u00a0<\/p><p><strong>3.- Recipients To which recipients will your data be communicated?<\/strong><\/p><p>The data collected on this website by means of the corresponding forms will not be passed on to third parties and may only be communicated to other companies that are responsible for processing personal data, and that will only process the data in accordance with the strict indications that <strong>TECNOSPAN <\/strong>established with these data processors. In any case, the data will be communicated within the European Union and only for the purposes indicated above.<\/p><p><strong>\u00a0<\/strong><\/p><p><strong>4.- Rights What are your rights when you provide us with your data?<\/strong><\/p><p>To users of the website owned by <strong>TECNOSPAN <\/strong>are guaranteed the rights set out in the Personal Data Protection legislation:<\/p><p>Firstly, the user has the right to obtain confirmation as to whether or not in <strong>TECNOSPAN <\/strong>whether or not personal data concerning you are being processed.<\/p><p>Users will have the right to access their personal data, as well as to request the rectification of data that are inaccurate or, where appropriate, to request their deletion, opposition or limitation when, among other reasons, the data are no longer necessary for the purposes for which they were collected, as well as portability in order to provide their personal data to a new data controller.<\/p><p>Users have the right to object to the processing of their personal data, so that <strong>TECNOSPAN <\/strong>will cease to process your data, except for legitimate, compelling reasons, or for the exercise or defence of possible claims.<\/p><p>Users have the right to request to <strong>TECNOSPAN <\/strong>to limit the processing of your personal data when the requirements of EU Regulation 2016\/679 and Organic Law 3\/2018 of 5 December on the Protection of Personal Data and the guarantee of digital rights are met.<\/p><p><strong>TECNOSPAN <\/strong>informs you that it has implemented the necessary technical and organisational security measures to guarantee the security of your personal data and prevent its alteration, loss, processing and\/or unauthorised access, in accordance with the provisions of the RGPD 2016\/679 of 27 April 2016 and Organic Law 3\/2018 of 5 December on the Protection of Personal Data and the guarantee of digital rights.<\/p><p>Finally, we inform you that any data subject may lodge a complaint with the Spanish Data Protection Agency, especially when they have not obtained satisfaction in the exercise of their rights.<\/p><p>In the following link you will find more information about complaints to the Spanish Data Protection Agency:<\/p><p><a href=\"https:\/\/sedeagpd.gob.es\/sede-electronica-web\/vistas\/infoSede\/tramitesCiudadano.jsf\">https:\/\/sedeagpd.gob.es\/sede-electronica-web\/vistas\/infoSede\/tramitesCiudadano.jsf<\/a><\/p><p><strong>5.- Commercial Communications<\/strong><\/p><p><strong>TECNOSPAN <\/strong>may send commercial communications by any means with full respect for the legislation in force on the protection of personal data.<\/p><p>For commercial communications sent by e-mail and equivalent means in compliance with the provisions of Law 34\/2002, of 11 July, on Information Society Services and Electronic Commerce, the consent of the User will be duly obtained at the time of collecting the corresponding data.<\/p><p>The User may at any time revoke the consent given to receive personal communications by simply notifying the User's wishes to <strong>TECNOSPAN <\/strong>to our e-mail address <a href=\"mailto:tecnospan@tecnospan.es\"><strong>tecnospan@tecnospan.es<\/strong><\/a><\/p>\t\t\t\t\t\t\t\t<\/div>\n\t\t\t\t<\/div>\n\t\t\t\t\t<\/div>\n\t\t<\/div>\n\t\t\t\t\t<\/div>\n\t\t<\/section>\n\t\t\t\t<\/div>","protected":false},"excerpt":{"rendered":"<p>Privacy Policy The owner of the website and responsible for its processing, AZCONA &amp; PANTOJA, S.L. (hereinafter, TECNOSPAN) with registered address at C\/ Collao, 18-19 de Chiva (46370) Valencia and NIF: B96811070, is the owner of the Portal and makes it available to Internet users, in order to provide information about the services offered by TECNOSPAN, S.L., as well as ...<\/p>\n<p class=\"read-more\"> <a class=\"\" href=\"https:\/\/tecnospan.es\/en\/politica-de-privacidad\/\"> <span class=\"screen-reader-text\">Privacy policy<\/span> Read More \"<\/a><\/p>","protected":false},"author":1,"featured_media":0,"parent":0,"menu_order":0,"comment_status":"closed","ping_status":"closed","template":"","meta":{"site-sidebar-layout":"no-sidebar","site-content-layout":"page-builder","ast-global-header-display":"","ast-banner-title-visibility":"","ast-main-header-display":"","ast-hfb-above-header-display":"","ast-hfb-below-header-display":"","ast-hfb-mobile-header-display":"","site-post-title":"disabled","ast-breadcrumbs-content":"","ast-featured-img":"disabled","footer-sml-layout":"","theme-transparent-header-meta":"","adv-header-id-meta":"","stick-header-meta":"","header-above-stick-meta":"","header-main-stick-meta":"","header-below-stick-meta":"","footnotes":""},"class_list":["post-2295","page","type-page","status-publish","hentry"],"yoast_head":"<!-- This site is optimized with the Yoast SEO plugin v26.0 - https:\/\/yoast.com\/wordpress\/plugins\/seo\/ -->\n<title>Pol\u00edtica de privacidad - Tecnospan<\/title>\n<meta name=\"robots\" content=\"index, follow, max-snippet:-1, max-image-preview:large, max-video-preview:-1\" \/>\n<link rel=\"canonical\" href=\"https:\/\/tecnospan.es\/en\/politica-de-privacidad\/\" \/>\n<meta property=\"og:locale\" content=\"en_GB\" \/>\n<meta property=\"og:type\" content=\"article\" \/>\n<meta property=\"og:title\" content=\"Pol\u00edtica de privacidad - Tecnospan\" \/>\n<meta property=\"og:description\" content=\"Pol\u00edtica de Privacidad El titular de la web y responsable del tratamiento, AZCONA &amp; PANTOJA, S.L. (en adelante, TECNOSPAN) con domicilio en C\/ Collao, 18-19 de Chiva (46370) Valencia y NIF: B96811070, es el titular del Portal y lo pone a disposici\u00f3n de los usuarios de Internet, con el fin tanto de proporcionar informaci\u00f3n sobre &hellip; Pol\u00edtica de privacidad Read More &raquo;\" \/>\n<meta property=\"og:url\" content=\"https:\/\/tecnospan.es\/en\/politica-de-privacidad\/\" \/>\n<meta property=\"og:site_name\" content=\"Tecnospan\" \/>\n<meta property=\"article:modified_time\" content=\"2023-11-21T09:46:19+00:00\" \/>\n<meta name=\"twitter:card\" content=\"summary_large_image\" \/>\n<meta name=\"twitter:label1\" content=\"Estimated reading time\" \/>\n\t<meta name=\"twitter:data1\" content=\"5 minutes\" \/>\n<script type=\"application\/ld+json\" class=\"yoast-schema-graph\">{\"@context\":\"https:\/\/schema.org\",\"@graph\":[{\"@type\":\"WebPage\",\"@id\":\"https:\/\/tecnospan.es\/politica-de-privacidad\/\",\"url\":\"https:\/\/tecnospan.es\/politica-de-privacidad\/\",\"name\":\"Pol\u00edtica de privacidad - Tecnospan\",\"isPartOf\":{\"@id\":\"https:\/\/tecnospan.es\/#website\"},\"datePublished\":\"2023-11-21T09:42:20+00:00\",\"dateModified\":\"2023-11-21T09:46:19+00:00\",\"breadcrumb\":{\"@id\":\"https:\/\/tecnospan.es\/politica-de-privacidad\/#breadcrumb\"},\"inLanguage\":\"en-GB\",\"potentialAction\":[{\"@type\":\"ReadAction\",\"target\":[\"https:\/\/tecnospan.es\/politica-de-privacidad\/\"]}]},{\"@type\":\"BreadcrumbList\",\"@id\":\"https:\/\/tecnospan.es\/politica-de-privacidad\/#breadcrumb\",\"itemListElement\":[{\"@type\":\"ListItem\",\"position\":1,\"name\":\"Portada\",\"item\":\"https:\/\/tecnospan.es\/\"},{\"@type\":\"ListItem\",\"position\":2,\"name\":\"Pol\u00edtica de privacidad\"}]},{\"@type\":\"WebSite\",\"@id\":\"https:\/\/tecnospan.es\/#website\",\"url\":\"https:\/\/tecnospan.es\/\",\"name\":\"Tecnospan\",\"description\":\"\",\"publisher\":{\"@id\":\"https:\/\/tecnospan.es\/#organization\"},\"potentialAction\":[{\"@type\":\"SearchAction\",\"target\":{\"@type\":\"EntryPoint\",\"urlTemplate\":\"https:\/\/tecnospan.es\/?s={search_term_string}\"},\"query-input\":{\"@type\":\"PropertyValueSpecification\",\"valueRequired\":true,\"valueName\":\"search_term_string\"}}],\"inLanguage\":\"en-GB\"},{\"@type\":\"Organization\",\"@id\":\"https:\/\/tecnospan.es\/#organization\",\"name\":\"Tecnospan\",\"url\":\"https:\/\/tecnospan.es\/\",\"logo\":{\"@type\":\"ImageObject\",\"inLanguage\":\"en-GB\",\"@id\":\"https:\/\/tecnospan.es\/#\/schema\/logo\/image\/\",\"url\":\"https:\/\/tecnospan.es\/wp-content\/uploads\/2023\/06\/logoTecnospan.png\",\"contentUrl\":\"https:\/\/tecnospan.es\/wp-content\/uploads\/2023\/06\/logoTecnospan.png\",\"width\":300,\"height\":72,\"caption\":\"Tecnospan\"},\"image\":{\"@id\":\"https:\/\/tecnospan.es\/#\/schema\/logo\/image\/\"}}]}<\/script>\n<!-- \/ Yoast SEO plugin. -->","yoast_head_json":{"title":"Pol\u00edtica de privacidad - Tecnospan","robots":{"index":"index","follow":"follow","max-snippet":"max-snippet:-1","max-image-preview":"max-image-preview:large","max-video-preview":"max-video-preview:-1"},"canonical":"https:\/\/tecnospan.es\/en\/politica-de-privacidad\/","og_locale":"en_GB","og_type":"article","og_title":"Pol\u00edtica de privacidad - Tecnospan","og_description":"Pol\u00edtica de Privacidad El titular de la web y responsable del tratamiento, AZCONA &amp; PANTOJA, S.L. (en adelante, TECNOSPAN) con domicilio en C\/ Collao, 18-19 de Chiva (46370) Valencia y NIF: B96811070, es el titular del Portal y lo pone a disposici\u00f3n de los usuarios de Internet, con el fin tanto de proporcionar informaci\u00f3n sobre &hellip; Pol\u00edtica de privacidad Read More &raquo;","og_url":"https:\/\/tecnospan.es\/en\/politica-de-privacidad\/","og_site_name":"Tecnospan","article_modified_time":"2023-11-21T09:46:19+00:00","twitter_card":"summary_large_image","twitter_misc":{"Estimated reading time":"5 minutes"},"schema":{"@context":"https:\/\/schema.org","@graph":[{"@type":"WebPage","@id":"https:\/\/tecnospan.es\/politica-de-privacidad\/","url":"https:\/\/tecnospan.es\/politica-de-privacidad\/","name":"Pol\u00edtica de privacidad - Tecnospan","isPartOf":{"@id":"https:\/\/tecnospan.es\/#website"},"datePublished":"2023-11-21T09:42:20+00:00","dateModified":"2023-11-21T09:46:19+00:00","breadcrumb":{"@id":"https:\/\/tecnospan.es\/politica-de-privacidad\/#breadcrumb"},"inLanguage":"en-GB","potentialAction":[{"@type":"ReadAction","target":["https:\/\/tecnospan.es\/politica-de-privacidad\/"]}]},{"@type":"BreadcrumbList","@id":"https:\/\/tecnospan.es\/politica-de-privacidad\/#breadcrumb","itemListElement":[{"@type":"ListItem","position":1,"name":"Portada","item":"https:\/\/tecnospan.es\/"},{"@type":"ListItem","position":2,"name":"Pol\u00edtica de privacidad"}]},{"@type":"WebSite","@id":"https:\/\/tecnospan.es\/#website","url":"https:\/\/tecnospan.es\/","name":"Tecnospan","description":"","publisher":{"@id":"https:\/\/tecnospan.es\/#organization"},"potentialAction":[{"@type":"SearchAction","target":{"@type":"EntryPoint","urlTemplate":"https:\/\/tecnospan.es\/?s={search_term_string}"},"query-input":{"@type":"PropertyValueSpecification","valueRequired":true,"valueName":"search_term_string"}}],"inLanguage":"en-GB"},{"@type":"Organization","@id":"https:\/\/tecnospan.es\/#organization","name":"Tecnospan","url":"https:\/\/tecnospan.es\/","logo":{"@type":"ImageObject","inLanguage":"en-GB","@id":"https:\/\/tecnospan.es\/#\/schema\/logo\/image\/","url":"https:\/\/tecnospan.es\/wp-content\/uploads\/2023\/06\/logoTecnospan.png","contentUrl":"https:\/\/tecnospan.es\/wp-content\/uploads\/2023\/06\/logoTecnospan.png","width":300,"height":72,"caption":"Tecnospan"},"image":{"@id":"https:\/\/tecnospan.es\/#\/schema\/logo\/image\/"}}]}},"_links":{"self":[{"href":"https:\/\/tecnospan.es\/en\/wp-json\/wp\/v2\/pages\/2295","targetHints":{"allow":["GET"]}}],"collection":[{"href":"https:\/\/tecnospan.es\/en\/wp-json\/wp\/v2\/pages"}],"about":[{"href":"https:\/\/tecnospan.es\/en\/wp-json\/wp\/v2\/types\/page"}],"author":[{"embeddable":true,"href":"https:\/\/tecnospan.es\/en\/wp-json\/wp\/v2\/users\/1"}],"replies":[{"embeddable":true,"href":"https:\/\/tecnospan.es\/en\/wp-json\/wp\/v2\/comments?post=2295"}],"version-history":[{"count":0,"href":"https:\/\/tecnospan.es\/en\/wp-json\/wp\/v2\/pages\/2295\/revisions"}],"wp:attachment":[{"href":"https:\/\/tecnospan.es\/en\/wp-json\/wp\/v2\/media?parent=2295"}],"curies":[{"name":"wp","href":"https:\/\/api.w.org\/{rel}","templated":true}]}}