{"id":355,"date":"2023-10-17T10:55:24","date_gmt":"2023-10-17T10:55:24","guid":{"rendered":"https:\/\/tecnospan.es\/?page_id=355"},"modified":"2024-05-30T09:29:31","modified_gmt":"2024-05-30T09:29:31","slug":"contacto-tecnospan","status":"publish","type":"page","link":"https:\/\/tecnospan.es\/en\/contacto-tecnospan\/","title":{"rendered":"CONTACT TECNOSPAN"},"content":{"rendered":"<div data-elementor-type=\"wp-page\" data-elementor-id=\"355\" class=\"elementor elementor-355\" data-elementor-post-type=\"page\">\n\t\t\t\t\t\t<section class=\"elementor-section elementor-top-section elementor-element elementor-element-68402c84 elementor-section-full_width elementor-section-height-default elementor-section-height-default\" data-id=\"68402c84\" data-element_type=\"section\" data-settings=\"{&quot;background_background&quot;:&quot;classic&quot;}\">\n\t\t\t\t\t\t<div class=\"elementor-container elementor-column-gap-default\">\n\t\t\t\t\t<div class=\"elementor-column elementor-col-100 elementor-top-column elementor-element elementor-element-c791f25\" data-id=\"c791f25\" data-element_type=\"column\">\n\t\t\t<div class=\"elementor-widget-wrap elementor-element-populated\">\n\t\t\t\t\t\t<section class=\"elementor-section elementor-inner-section elementor-element elementor-element-6a48b98e elementor-section-height-min-height elementor-section-boxed elementor-section-height-default\" data-id=\"6a48b98e\" data-element_type=\"section\" data-settings=\"{&quot;background_background&quot;:&quot;classic&quot;}\">\n\t\t\t\t\t\t\t<div class=\"elementor-background-overlay\"><\/div>\n\t\t\t\t\t\t\t<div class=\"elementor-container elementor-column-gap-default\">\n\t\t\t\t\t<div class=\"elementor-column elementor-col-100 elementor-inner-column elementor-element elementor-element-6e687020\" data-id=\"6e687020\" data-element_type=\"column\">\n\t\t\t<div class=\"elementor-widget-wrap elementor-element-populated\">\n\t\t\t\t\t\t<div class=\"elementor-element elementor-element-4fd1072e elementor-invisible elementor-widget elementor-widget-heading\" data-id=\"4fd1072e\" data-element_type=\"widget\" data-settings=\"{&quot;_animation&quot;:&quot;fadeInUp&quot;}\" data-widget_type=\"heading.default\">\n\t\t\t\t<div class=\"elementor-widget-container\">\n\t\t\t\t\t<h1 class=\"elementor-heading-title elementor-size-default\">REQUEST INFORMATION<\/h1>\t\t\t\t<\/div>\n\t\t\t\t<\/div>\n\t\t\t\t\t<\/div>\n\t\t<\/div>\n\t\t\t\t\t<\/div>\n\t\t<\/section>\n\t\t\t\t\t<\/div>\n\t\t<\/div>\n\t\t\t\t\t<\/div>\n\t\t<\/section>\n\t\t\t\t<section class=\"elementor-section elementor-top-section elementor-element elementor-element-7f920e0 elementor-section-boxed elementor-section-height-default elementor-section-height-default\" data-id=\"7f920e0\" data-element_type=\"section\">\n\t\t\t\t\t\t<div class=\"elementor-container elementor-column-gap-default\">\n\t\t\t\t\t<div class=\"elementor-column elementor-col-50 elementor-top-column elementor-element elementor-element-788a6f7\" data-id=\"788a6f7\" data-element_type=\"column\">\n\t\t\t<div class=\"elementor-widget-wrap elementor-element-populated\">\n\t\t\t\t\t\t<div class=\"elementor-element elementor-element-468d953 elementor-view-default elementor-position-top elementor-mobile-position-top elementor-widget elementor-widget-icon-box\" data-id=\"468d953\" data-element_type=\"widget\" data-widget_type=\"icon-box.default\">\n\t\t\t\t<div class=\"elementor-widget-container\">\n\t\t\t\t\t\t\t<div class=\"elementor-icon-box-wrapper\">\n\n\t\t\t\t\t\t<div class=\"elementor-icon-box-icon\">\n\t\t\t\t<span  class=\"elementor-icon\">\n\t\t\t\t<i aria-hidden=\"true\" class=\"fas fa-envelope\"><\/i>\t\t\t\t<\/span>\n\t\t\t<\/div>\n\t\t\t\n\t\t\t\t\t\t<div class=\"elementor-icon-box-content\">\n\n\t\t\t\t\t\t\t\t\t<div class=\"elementor-icon-box-title\">\n\t\t\t\t\t\t<span  >\n\t\t\t\t\t\t\tEmail \t\t\t\t\t\t<\/span>\n\t\t\t\t\t<\/div>\n\t\t\t\t\n\t\t\t\t\t\t\t\t\t<p class=\"elementor-icon-box-description\">\n\t\t\t\t\t\ttecnospan@tecnospan.es \n\t\t\t\t\t<\/p>\n\t\t\t\t\n\t\t\t<\/div>\n\t\t\t\n\t\t<\/div>\n\t\t\t\t\t\t<\/div>\n\t\t\t\t<\/div>\n\t\t\t\t<div class=\"elementor-element elementor-element-fae7cb0 elementor-view-default elementor-position-top elementor-mobile-position-top elementor-widget elementor-widget-icon-box\" data-id=\"fae7cb0\" data-element_type=\"widget\" data-widget_type=\"icon-box.default\">\n\t\t\t\t<div class=\"elementor-widget-container\">\n\t\t\t\t\t\t\t<div class=\"elementor-icon-box-wrapper\">\n\n\t\t\t\t\t\t<div class=\"elementor-icon-box-icon\">\n\t\t\t\t<span  class=\"elementor-icon\">\n\t\t\t\t<i aria-hidden=\"true\" class=\"far fa-building\"><\/i>\t\t\t\t<\/span>\n\t\t\t<\/div>\n\t\t\t\n\t\t\t\t\t\t<div class=\"elementor-icon-box-content\">\n\n\t\t\t\t\t\t\t\t\t<div class=\"elementor-icon-box-title\">\n\t\t\t\t\t\t<span  >\n\t\t\t\t\t\t\tWhere we are\t\t\t\t\t\t<\/span>\n\t\t\t\t\t<\/div>\n\t\t\t\t\n\t\t\t\t\t\t\t\t\t<p class=\"elementor-icon-box-description\">\n\t\t\t\t\t\tC\/Collao, 18-19 \/ P.I. \"La Pahilla\". <\/br>\nChiva, Valencia, Spain\t\t\t\t\t<\/p>\n\t\t\t\t\n\t\t\t<\/div>\n\t\t\t\n\t\t<\/div>\n\t\t\t\t\t\t<\/div>\n\t\t\t\t<\/div>\n\t\t\t\t<div class=\"elementor-element elementor-element-f953769 elementor-view-default elementor-position-top elementor-mobile-position-top elementor-widget elementor-widget-icon-box\" data-id=\"f953769\" data-element_type=\"widget\" data-widget_type=\"icon-box.default\">\n\t\t\t\t<div class=\"elementor-widget-container\">\n\t\t\t\t\t\t\t<div class=\"elementor-icon-box-wrapper\">\n\n\t\t\t\t\t\t<div class=\"elementor-icon-box-icon\">\n\t\t\t\t<span  class=\"elementor-icon\">\n\t\t\t\t<i aria-hidden=\"true\" class=\"fas fa-phone-alt\"><\/i>\t\t\t\t<\/span>\n\t\t\t<\/div>\n\t\t\t\n\t\t\t\t\t\t<div class=\"elementor-icon-box-content\">\n\n\t\t\t\t\t\t\t\t\t<div class=\"elementor-icon-box-title\">\n\t\t\t\t\t\t<span  >\n\t\t\t\t\t\t\tContact\t\t\t\t\t\t<\/span>\n\t\t\t\t\t<\/div>\n\t\t\t\t\n\t\t\t\t\t\t\t\t\t<p class=\"elementor-icon-box-description\">\n\t\t\t\t\t\t+34 96 252 45 35\t\t\t\t\t<\/p>\n\t\t\t\t\n\t\t\t<\/div>\n\t\t\t\n\t\t<\/div>\n\t\t\t\t\t\t<\/div>\n\t\t\t\t<\/div>\n\t\t\t\t\t<\/div>\n\t\t<\/div>\n\t\t\t\t<div class=\"elementor-column elementor-col-50 elementor-top-column elementor-element elementor-element-cbb2294\" data-id=\"cbb2294\" data-element_type=\"column\">\n\t\t\t<div class=\"elementor-widget-wrap elementor-element-populated\">\n\t\t\t\t\t\t<div class=\"elementor-element elementor-element-ab985be elementor-widget elementor-widget-htcontactform-addons\" data-id=\"ab985be\" data-element_type=\"widget\" data-widget_type=\"htcontactform-addons.default\">\n\t\t\t\t<div class=\"elementor-widget-container\">\n\t\t\t\t\t            <div class=\"htcontact-form-wrapper\" >\n                \n<div class=\"wpcf7 no-js\" id=\"wpcf7-f2726-o1\" lang=\"es-ES\" dir=\"ltr\" data-wpcf7-id=\"2726\">\n<div class=\"screen-reader-response\"><p role=\"status\" aria-live=\"polite\" aria-atomic=\"true\"><\/p> <ul><\/ul><\/div>\n<form action=\"\/en\/wp-json\/wp\/v2\/pages\/355#wpcf7-f2726-o1\" method=\"post\" class=\"wpcf7-form init\" aria-label=\"Contact form\" novalidate=\"novalidate\" data-status=\"init\" data-trp-original-action=\"\/en\/wp-json\/wp\/v2\/pages\/355#wpcf7-f2726-o1\">\n<fieldset class=\"hidden-fields-container\"><input type=\"hidden\" name=\"_wpcf7\" value=\"2726\" \/><input type=\"hidden\" name=\"_wpcf7_version\" value=\"6.1.1\" \/><input type=\"hidden\" name=\"_wpcf7_locale\" value=\"es_ES\" \/><input type=\"hidden\" name=\"_wpcf7_unit_tag\" value=\"wpcf7-f2726-o1\" \/><input type=\"hidden\" name=\"_wpcf7_container_post\" value=\"0\" \/><input type=\"hidden\" name=\"_wpcf7_posted_data_hash\" value=\"\" \/><input type=\"hidden\" name=\"_wpcf7_recaptcha_response\" value=\"\" \/>\n<\/fieldset>\n<p><label> Name<br \/>\n<span class=\"wpcf7-form-control-wrap\" data-name=\"your-name\"><input size=\"40\" maxlength=\"400\" class=\"wpcf7-form-control wpcf7-text wpcf7-validates-as-required\" autocomplete=\"name\" aria-required=\"true\" aria-invalid=\"false\" value=\"\" type=\"text\" name=\"your-name\" \/><\/span> <\/label>\n<\/p>\n<p><label> Telephone<br \/>\n<span class=\"wpcf7-form-control-wrap\" data-name=\"tel-31\"><input size=\"40\" maxlength=\"400\" class=\"wpcf7-form-control wpcf7-tel wpcf7-text wpcf7-validates-as-tel\" aria-invalid=\"false\" value=\"\" type=\"tel\" name=\"tel-31\" \/><\/span> <\/label>\n<\/p>\n<p><label> E-mail address<br \/>\n<span class=\"wpcf7-form-control-wrap\" data-name=\"your-email\"><input size=\"40\" maxlength=\"400\" class=\"wpcf7-form-control wpcf7-email wpcf7-validates-as-required wpcf7-text wpcf7-validates-as-email\" autocomplete=\"email\" aria-required=\"true\" aria-invalid=\"false\" value=\"\" type=\"email\" name=\"your-email\" \/><\/span> <\/label>\n<\/p>\n<p><label> Company<br \/>\n<span class=\"wpcf7-form-control-wrap\" data-name=\"your-subject\"><input size=\"40\" maxlength=\"400\" class=\"wpcf7-form-control wpcf7-text wpcf7-validates-as-required\" aria-required=\"true\" aria-invalid=\"false\" value=\"\" type=\"text\" name=\"your-subject\" \/><\/span> <\/label>\n<\/p>\n<p><label> Comments<br \/>\n<span class=\"wpcf7-form-control-wrap\" data-name=\"your-message\"><textarea cols=\"40\" rows=\"10\" maxlength=\"2000\" class=\"wpcf7-form-control wpcf7-textarea\" aria-invalid=\"false\" name=\"your-message\"><\/textarea><\/span> <\/label>\n<\/p>\n<span class=\"wpcf7-form-control-wrap recaptcha\" data-name=\"recaptcha\"><span data-sitekey=\"6LdXuPopAAAAAMIR_ZsdFMmYIZBx96_cUi_vfIHb\" class=\"wpcf7-form-control wpcf7-recaptcha g-recaptcha\"><\/span>\r\n<noscript>\r\n\t<div class=\"grecaptcha-noscript\">\r\n\t\t<iframe src=\"https:\/\/www.google.com\/recaptcha\/api\/fallback?k=6LdXuPopAAAAAMIR_ZsdFMmYIZBx96_cUi_vfIHb\" frameborder=\"0\" scrolling=\"no\" width=\"310\" height=\"430\">\r\n\t\t<\/iframe>\r\n\t\t<textarea name=\"g-recaptcha-response\" rows=\"3\" cols=\"40\" placeholder=\"Here is reCAPTCHA&#039;s response\">\r\n\t\t<\/textarea>\r\n\t<\/div>\r\n<\/noscript>\r\n<\/span>\n<p><br \/>\n<span class=\"wpcf7-form-control-wrap\" data-name=\"acceptance-166\"><span class=\"wpcf7-form-control wpcf7-acceptance\"><span class=\"wpcf7-list-item\"><label><input type=\"checkbox\" name=\"acceptance-166\" value=\"1\" aria-invalid=\"false\" \/><span class=\"wpcf7-list-item-label\">I accept the <a href=\"https:\/\/tecnospan.es\/en\/politica-de-privacidad\/\" rel=\"nofollow\" target=\"_blank\"> privacy policy<\/a>.<\/span><\/label><\/span><\/span><\/span>\n<\/p>\n<p><input class=\"wpcf7-form-control wpcf7-submit has-spinner\" type=\"submit\" value=\"Send\" \/>\n<\/p><div class=\"wpcf7-response-output\" aria-hidden=\"true\"><\/div>\n<input type=\"hidden\" name=\"trp-form-language\" value=\"en\"\/><\/form>\n<\/div>\n            <\/div>\n\n        \t\t\t\t<\/div>\n\t\t\t\t<\/div>\n\t\t\t\t<div class=\"elementor-element elementor-element-1ca1c5e elementor-widget elementor-widget-text-editor\" data-id=\"1ca1c5e\" data-element_type=\"widget\" data-widget_type=\"text-editor.default\">\n\t\t\t\t<div class=\"elementor-widget-container\">\n\t\t\t\t\t\t\t\t\t<p>The personal data provided will be processed by Azcona &amp; Pantoja, S.L. as the party responsible for this website.<\/p><p><b>Purpose of the collection and processing of personal data:<\/b>\u00a0manage enquiries sent via the website, as well as electronic communication.<\/p><p><b>Legitimation:<\/b>\u00a0Express consent of the data subject by ticking the acceptance box.<\/p><p><b>Target group:<\/b>\u00a0Your data will not be passed on to third parties, unless legally obliged to do so.<\/p><p><b>Rights:<\/b> You can exercise your rights of access, rectification, restriction and deletion of data at <a href=\"mailto:tecnospan@tecnospan.es\">tecnospan@tecnospan.es<\/a> as well as the right to lodge a complaint with a supervisory authority (AEPD).<\/p><p><b>Additional information:<\/b> You can consult additional and detailed information on Data Protection here.\u00a0<\/p>\t\t\t\t\t\t\t\t<\/div>\n\t\t\t\t<\/div>\n\t\t\t\t\t<\/div>\n\t\t<\/div>\n\t\t\t\t\t<\/div>\n\t\t<\/section>\n\t\t\t\t<section class=\"elementor-section elementor-top-section elementor-element elementor-element-eceaa49 elementor-section-boxed elementor-section-height-default elementor-section-height-default\" data-id=\"eceaa49\" data-element_type=\"section\">\n\t\t\t\t\t\t<div class=\"elementor-container elementor-column-gap-default\">\n\t\t\t\t\t<div class=\"elementor-column elementor-col-100 elementor-top-column elementor-element elementor-element-e6e62a4\" data-id=\"e6e62a4\" data-element_type=\"column\">\n\t\t\t<div class=\"elementor-widget-wrap elementor-element-populated\">\n\t\t\t\t\t\t<div class=\"elementor-element elementor-element-8aa9537 elementor-widget elementor-widget-spacer\" data-id=\"8aa9537\" data-element_type=\"widget\" data-widget_type=\"spacer.default\">\n\t\t\t\t<div class=\"elementor-widget-container\">\n\t\t\t\t\t\t\t<div class=\"elementor-spacer\">\n\t\t\t<div class=\"elementor-spacer-inner\"><\/div>\n\t\t<\/div>\n\t\t\t\t\t\t<\/div>\n\t\t\t\t<\/div>\n\t\t\t\t\t<\/div>\n\t\t<\/div>\n\t\t\t\t\t<\/div>\n\t\t<\/section>\n\t\t\t\t<\/div>","protected":false},"excerpt":{"rendered":"<p>REQUEST INFORMATION Email tecnospan@tecnospan.es Where we are C\/Collao, 18-19 \/ P.I. \"La Pahilla\" Chiva, Valencia, Spain Contact +34 96 252 45 35 Name Telephone Email Company Comments I accept the privacy policy. The personal data provided will be processed by Azcona &amp; Pantoja, S.L. as the party responsible for this website. Purpose of the collection and ...<\/p>\n<p class=\"read-more\"> <a class=\"\" href=\"https:\/\/tecnospan.es\/en\/contacto-tecnospan\/\"> <span class=\"screen-reader-text\">CONTACT TECNOSPAN<\/span> Read More \"<\/a><\/p>","protected":false},"author":1,"featured_media":0,"parent":0,"menu_order":0,"comment_status":"closed","ping_status":"closed","template":"","meta":{"site-sidebar-layout":"no-sidebar","site-content-layout":"page-builder","ast-global-header-display":"","ast-banner-title-visibility":"","ast-main-header-display":"","ast-hfb-above-header-display":"","ast-hfb-below-header-display":"","ast-hfb-mobile-header-display":"","site-post-title":"disabled","ast-breadcrumbs-content":"","ast-featured-img":"disabled","footer-sml-layout":"","theme-transparent-header-meta":"","adv-header-id-meta":"","stick-header-meta":"","header-above-stick-meta":"","header-main-stick-meta":"","header-below-stick-meta":"","footnotes":""},"class_list":["post-355","page","type-page","status-publish","hentry"],"yoast_head":"<!-- This site is optimized with the Yoast SEO plugin v26.0 - https:\/\/yoast.com\/wordpress\/plugins\/seo\/ -->\n<title>CONTACTO TECNOSPAN - Tecnospan<\/title>\n<meta name=\"robots\" content=\"index, follow, max-snippet:-1, max-image-preview:large, max-video-preview:-1\" \/>\n<link rel=\"canonical\" href=\"https:\/\/tecnospan.es\/en\/contacto-tecnospan\/\" \/>\n<meta property=\"og:locale\" content=\"en_GB\" \/>\n<meta property=\"og:type\" content=\"article\" \/>\n<meta property=\"og:title\" content=\"CONTACTO TECNOSPAN - Tecnospan\" \/>\n<meta property=\"og:description\" content=\"SOLICITE INFORMACI\u00d3N Email tecnospan@tecnospan.es D\u00f3nde estamos C\/Collao, 18-19 \/ P.I. \u00abLa Pahilla\u00bb Chiva, Valencia, Espa\u00f1a Contacto +34 96 252 45 35 Nombre Tel\u00e9fono Correo electr\u00f3nico Compa\u00f1\u00eda Comentarios Acepto la pol\u00edtica de privacidad. Los datos de car\u00e1cter personal proporcionados ser\u00e1n tratados por Azcona &amp; Pantoja, S.L. como responsable de esta web. Finalidad de la recogida y &hellip; CONTACTO TECNOSPAN Read More &raquo;\" \/>\n<meta property=\"og:url\" content=\"https:\/\/tecnospan.es\/en\/contacto-tecnospan\/\" \/>\n<meta property=\"og:site_name\" content=\"Tecnospan\" \/>\n<meta property=\"article:modified_time\" content=\"2024-05-30T09:29:31+00:00\" \/>\n<meta name=\"twitter:card\" content=\"summary_large_image\" \/>\n<meta name=\"twitter:label1\" content=\"Estimated reading time\" \/>\n\t<meta name=\"twitter:data1\" content=\"1 minute\" \/>\n<script type=\"application\/ld+json\" class=\"yoast-schema-graph\">{\"@context\":\"https:\/\/schema.org\",\"@graph\":[{\"@type\":\"WebPage\",\"@id\":\"https:\/\/tecnospan.es\/contacto-tecnospan\/\",\"url\":\"https:\/\/tecnospan.es\/contacto-tecnospan\/\",\"name\":\"CONTACTO TECNOSPAN - Tecnospan\",\"isPartOf\":{\"@id\":\"https:\/\/tecnospan.es\/#website\"},\"datePublished\":\"2023-10-17T10:55:24+00:00\",\"dateModified\":\"2024-05-30T09:29:31+00:00\",\"breadcrumb\":{\"@id\":\"https:\/\/tecnospan.es\/contacto-tecnospan\/#breadcrumb\"},\"inLanguage\":\"en-GB\",\"potentialAction\":[{\"@type\":\"ReadAction\",\"target\":[\"https:\/\/tecnospan.es\/contacto-tecnospan\/\"]}]},{\"@type\":\"BreadcrumbList\",\"@id\":\"https:\/\/tecnospan.es\/contacto-tecnospan\/#breadcrumb\",\"itemListElement\":[{\"@type\":\"ListItem\",\"position\":1,\"name\":\"Portada\",\"item\":\"https:\/\/tecnospan.es\/\"},{\"@type\":\"ListItem\",\"position\":2,\"name\":\"CONTACTO TECNOSPAN\"}]},{\"@type\":\"WebSite\",\"@id\":\"https:\/\/tecnospan.es\/#website\",\"url\":\"https:\/\/tecnospan.es\/\",\"name\":\"Tecnospan\",\"description\":\"\",\"publisher\":{\"@id\":\"https:\/\/tecnospan.es\/#organization\"},\"potentialAction\":[{\"@type\":\"SearchAction\",\"target\":{\"@type\":\"EntryPoint\",\"urlTemplate\":\"https:\/\/tecnospan.es\/?s={search_term_string}\"},\"query-input\":{\"@type\":\"PropertyValueSpecification\",\"valueRequired\":true,\"valueName\":\"search_term_string\"}}],\"inLanguage\":\"en-GB\"},{\"@type\":\"Organization\",\"@id\":\"https:\/\/tecnospan.es\/#organization\",\"name\":\"Tecnospan\",\"url\":\"https:\/\/tecnospan.es\/\",\"logo\":{\"@type\":\"ImageObject\",\"inLanguage\":\"en-GB\",\"@id\":\"https:\/\/tecnospan.es\/#\/schema\/logo\/image\/\",\"url\":\"https:\/\/tecnospan.es\/wp-content\/uploads\/2023\/06\/logoTecnospan.png\",\"contentUrl\":\"https:\/\/tecnospan.es\/wp-content\/uploads\/2023\/06\/logoTecnospan.png\",\"width\":300,\"height\":72,\"caption\":\"Tecnospan\"},\"image\":{\"@id\":\"https:\/\/tecnospan.es\/#\/schema\/logo\/image\/\"}}]}<\/script>\n<!-- \/ Yoast SEO plugin. -->","yoast_head_json":{"title":"CONTACT TECNOSPAN - Tecnospan","robots":{"index":"index","follow":"follow","max-snippet":"max-snippet:-1","max-image-preview":"max-image-preview:large","max-video-preview":"max-video-preview:-1"},"canonical":"https:\/\/tecnospan.es\/en\/contacto-tecnospan\/","og_locale":"en_GB","og_type":"article","og_title":"CONTACTO TECNOSPAN - Tecnospan","og_description":"SOLICITE INFORMACI\u00d3N Email tecnospan@tecnospan.es D\u00f3nde estamos C\/Collao, 18-19 \/ P.I. \u00abLa Pahilla\u00bb Chiva, Valencia, Espa\u00f1a Contacto +34 96 252 45 35 Nombre Tel\u00e9fono Correo electr\u00f3nico Compa\u00f1\u00eda Comentarios Acepto la pol\u00edtica de privacidad. Los datos de car\u00e1cter personal proporcionados ser\u00e1n tratados por Azcona &amp; Pantoja, S.L. como responsable de esta web. Finalidad de la recogida y &hellip; CONTACTO TECNOSPAN Read More &raquo;","og_url":"https:\/\/tecnospan.es\/en\/contacto-tecnospan\/","og_site_name":"Tecnospan","article_modified_time":"2024-05-30T09:29:31+00:00","twitter_card":"summary_large_image","twitter_misc":{"Estimated reading time":"1 minute"},"schema":{"@context":"https:\/\/schema.org","@graph":[{"@type":"WebPage","@id":"https:\/\/tecnospan.es\/contacto-tecnospan\/","url":"https:\/\/tecnospan.es\/contacto-tecnospan\/","name":"CONTACT TECNOSPAN - Tecnospan","isPartOf":{"@id":"https:\/\/tecnospan.es\/#website"},"datePublished":"2023-10-17T10:55:24+00:00","dateModified":"2024-05-30T09:29:31+00:00","breadcrumb":{"@id":"https:\/\/tecnospan.es\/contacto-tecnospan\/#breadcrumb"},"inLanguage":"en-GB","potentialAction":[{"@type":"ReadAction","target":["https:\/\/tecnospan.es\/contacto-tecnospan\/"]}]},{"@type":"BreadcrumbList","@id":"https:\/\/tecnospan.es\/contacto-tecnospan\/#breadcrumb","itemListElement":[{"@type":"ListItem","position":1,"name":"Portada","item":"https:\/\/tecnospan.es\/"},{"@type":"ListItem","position":2,"name":"CONTACTO TECNOSPAN"}]},{"@type":"WebSite","@id":"https:\/\/tecnospan.es\/#website","url":"https:\/\/tecnospan.es\/","name":"Tecnospan","description":"","publisher":{"@id":"https:\/\/tecnospan.es\/#organization"},"potentialAction":[{"@type":"SearchAction","target":{"@type":"EntryPoint","urlTemplate":"https:\/\/tecnospan.es\/?s={search_term_string}"},"query-input":{"@type":"PropertyValueSpecification","valueRequired":true,"valueName":"search_term_string"}}],"inLanguage":"en-GB"},{"@type":"Organization","@id":"https:\/\/tecnospan.es\/#organization","name":"Tecnospan","url":"https:\/\/tecnospan.es\/","logo":{"@type":"ImageObject","inLanguage":"en-GB","@id":"https:\/\/tecnospan.es\/#\/schema\/logo\/image\/","url":"https:\/\/tecnospan.es\/wp-content\/uploads\/2023\/06\/logoTecnospan.png","contentUrl":"https:\/\/tecnospan.es\/wp-content\/uploads\/2023\/06\/logoTecnospan.png","width":300,"height":72,"caption":"Tecnospan"},"image":{"@id":"https:\/\/tecnospan.es\/#\/schema\/logo\/image\/"}}]}},"_links":{"self":[{"href":"https:\/\/tecnospan.es\/en\/wp-json\/wp\/v2\/pages\/355","targetHints":{"allow":["GET"]}}],"collection":[{"href":"https:\/\/tecnospan.es\/en\/wp-json\/wp\/v2\/pages"}],"about":[{"href":"https:\/\/tecnospan.es\/en\/wp-json\/wp\/v2\/types\/page"}],"author":[{"embeddable":true,"href":"https:\/\/tecnospan.es\/en\/wp-json\/wp\/v2\/users\/1"}],"replies":[{"embeddable":true,"href":"https:\/\/tecnospan.es\/en\/wp-json\/wp\/v2\/comments?post=355"}],"version-history":[{"count":6,"href":"https:\/\/tecnospan.es\/en\/wp-json\/wp\/v2\/pages\/355\/revisions"}],"predecessor-version":[{"id":2729,"href":"https:\/\/tecnospan.es\/en\/wp-json\/wp\/v2\/pages\/355\/revisions\/2729"}],"wp:attachment":[{"href":"https:\/\/tecnospan.es\/en\/wp-json\/wp\/v2\/media?parent=355"}],"curies":[{"name":"wp","href":"https:\/\/api.w.org\/{rel}","templated":true}]}}