{"id":2283,"date":"2023-11-21T09:25:47","date_gmt":"2023-11-21T09:25:47","guid":{"rendered":"https:\/\/tecnospan.es\/?page_id=2283"},"modified":"2023-11-21T09:40:31","modified_gmt":"2023-11-21T09:40:31","slug":"aviso-legal","status":"publish","type":"page","link":"https:\/\/tecnospan.es\/fr\/aviso-legal\/","title":{"rendered":"Avis juridique"},"content":{"rendered":"<div data-elementor-type=\"wp-page\" data-elementor-id=\"2283\" class=\"elementor elementor-2283\" data-elementor-post-type=\"page\">\n\t\t\t\t\t\t<section class=\"elementor-section elementor-top-section elementor-element elementor-element-0214072 elementor-section-boxed elementor-section-height-default elementor-section-height-default\" data-id=\"0214072\" data-element_type=\"section\">\n\t\t\t\t\t\t<div class=\"elementor-container elementor-column-gap-default\">\n\t\t\t\t\t<div class=\"elementor-column elementor-col-100 elementor-top-column elementor-element elementor-element-20aedfc\" data-id=\"20aedfc\" data-element_type=\"column\">\n\t\t\t<div class=\"elementor-widget-wrap elementor-element-populated\">\n\t\t\t\t\t\t<div class=\"elementor-element elementor-element-c513648 elementor-widget elementor-widget-heading\" data-id=\"c513648\" data-element_type=\"widget\" data-widget_type=\"heading.default\">\n\t\t\t\t<div class=\"elementor-widget-container\">\n\t\t\t\t\t<h2 class=\"elementor-heading-title elementor-size-default\">Avis juridique<\/h2>\t\t\t\t<\/div>\n\t\t\t\t<\/div>\n\t\t\t\t<div class=\"elementor-element elementor-element-a248eee elementor-widget elementor-widget-text-editor\" data-id=\"a248eee\" data-element_type=\"widget\" data-widget_type=\"text-editor.default\">\n\t\t\t\t<div class=\"elementor-widget-container\">\n\t\t\t\t\t\t\t\t\t<p>Conform\u00e9ment \u00e0 la loi 34\/2002, du 11 juillet, sur les services de la soci\u00e9t\u00e9 de l'information et le commerce \u00e9lectronique, nous vous communiquons les informations suivantes :<\/p><p>Propri\u00e9taire de ce site :<\/p><p><strong>AZCONA &amp; PANTOJA, S.L. (ci-apr\u00e8s, TECNOSPAN)<\/strong><\/p><p>C\/Collao, 18-19 P.I. La Pahilla de Chiva (46370) Valencia<\/p><p>FNI :\u00a0<strong>B96811070<\/strong><\/p><p>T\u00e9l :\u00a0<strong>962524535<\/strong><\/p><p>e-mail : <strong><a href=\"mailto:tecnospan@tecnospan.es\">tecnospan@tecnospan.es<\/a>\u00a0 \u00a0<\/strong><\/p><p>L'utilisation du contenu et\/ou des services du portail par l'utilisateur implique l'acceptation expresse des conditions suivantes :<\/p><p><strong>\u00a0<\/strong><\/p><p><strong>Conditions d'utilisation du portail<\/strong><\/p><p><strong>TECNOSPAN <\/strong>se r\u00e9serve le droit de modifier sans pr\u00e9avis le contenu de ce portail, ainsi que sa configuration et sa pr\u00e9sentation. Ce portail peut contenir des liens vers des pages externes, et n'est pas responsable du contenu de ces pages externes ou de tout autre aspect li\u00e9 \u00e0 celles-ci.<\/p><p>Les textes, images, logos et autres contenus inclus dans ce portail sont la propri\u00e9t\u00e9 de <strong>TECNOSPAN. <\/strong>La transmission, la distribution, la reproduction ou le stockage, en tout ou en partie, sont interdits sans l'accord pr\u00e9alable de <strong>TECNOSPAN<\/strong>sauf indication contraire.<\/p><p>Afin d'installer ou d'utiliser tout logiciel disponible pour le t\u00e9l\u00e9chargement \u00e0 partir de ce portail, vous devez d'abord accepter les termes de l'accord de licence, le cas \u00e9ch\u00e9ant, qui accompagne ou est inclus dans le logiciel. n'est pas responsable des dommages qui peuvent survenir en raison de l'utilisation de versions obsol\u00e8tes des navigateurs, ou des cons\u00e9quences qui peuvent d\u00e9couler du mauvais fonctionnement du navigateur, que ce soit par une mauvaise configuration, la pr\u00e9sence de virus informatiques ou toute autre cause ind\u00e9pendante de sa volont\u00e9. <strong>TECNOSPAN<\/strong><\/p><p><strong>\u00a0<\/strong><\/p><p><strong>Protection des donn\u00e9es personnelles<\/strong><\/p><p>Conform\u00e9ment \u00e0 la loi organique 3\/2018, du 5 d\u00e9cembre, sur la protection des donn\u00e9es \u00e0 caract\u00e8re personnel et la garantie des droits num\u00e9riques, <strong>TECNOSPAN <\/strong>vous informe que les donn\u00e9es \u00e0 caract\u00e8re personnel que vous fournissez en remplissant tout formulaire d'inscription, de demande ou de consultation figurant sur ce site web seront trait\u00e9es et collect\u00e9es dans un syst\u00e8me de traitement des donn\u00e9es (appel\u00e9 \"syst\u00e8me de traitement des donn\u00e9es\").<strong>UTILISATEURS DU WEB<\/strong>\") dont le responsable est <strong>TECNOSPAN<\/strong><\/p><p>Pour exercer vos droits d'acc\u00e8s, de rectification, d'opposition, d'effacement, de portabilit\u00e9 et de limitation du traitement de vos donn\u00e9es personnelles, dans les conditions pr\u00e9vues par la r\u00e9glementation en vigueur en mati\u00e8re de protection des donn\u00e9es, vous pouvez \u00e9crire \u00e0 <strong>TECNOSPAN<\/strong><strong>,\u00a0<\/strong>C\/ Collao, 18-19 de Chiva (46370) Valencia<\/p><p>La collecte de vos donn\u00e9es personnelles est effectu\u00e9e dans le but principal de pouvoir vous offrir et vous fournir les services propos\u00e9s sur ce site web.<\/p><p><strong>TECNOSPAN <\/strong>utilisera les donn\u00e9es personnelles que vous avez fournies exclusivement aux fins indiqu\u00e9es.<\/p><p>Nous ne partageons pas les informations fournies avec des tiers, sauf si la loi ou une proc\u00e9dure judiciaire l'exige, et nous ne vendons en aucun cas ce type d'informations.<\/p><p><strong>TECNOSPAN <\/strong>vous informe qu'il a mis en \u0153uvre les mesures de s\u00e9curit\u00e9 techniques et organisationnelles n\u00e9cessaires pour garantir la s\u00e9curit\u00e9 de vos donn\u00e9es personnelles et emp\u00eacher leur alt\u00e9ration, perte, traitement et\/ou acc\u00e8s non autoris\u00e9, conform\u00e9ment aux dispositions de la loi organique 3\/2018, du 5 d\u00e9cembre, sur la protection des donn\u00e9es personnelles et la garantie des droits num\u00e9riques.<\/p><p><strong>Droit applicable et juridiction<\/strong><strong>\u00a0<\/strong><\/p><p>Le pr\u00e9sent avis juridique est r\u00e9gi, dans tous ses aspects, par la l\u00e9gislation espagnole, et les cours et tribunaux de Valence seront comp\u00e9tents pour r\u00e9soudre tout conflit d\u00e9coulant de l'utilisation de ce portail ou li\u00e9 \u00e0 celle-ci.<\/p>\t\t\t\t\t\t\t\t<\/div>\n\t\t\t\t<\/div>\n\t\t\t\t\t<\/div>\n\t\t<\/div>\n\t\t\t\t\t<\/div>\n\t\t<\/section>\n\t\t\t\t<\/div>","protected":false},"excerpt":{"rendered":"<p>Mentions l\u00e9gales Conform\u00e9ment \u00e0 la loi 34\/2002, du 11 juillet, sur les services de la soci\u00e9t\u00e9 de l'information et le commerce \u00e9lectronique, nous vous communiquons les informations suivantes : Propri\u00e9taire de ce site : AZCONA &amp; PANTOJA, S.L. (ci-apr\u00e8s, TECNOSPAN) C\/Collao, 18-19 P.I. La Pahilla de Chiva (46370) Valencia NIF : B96811070 Telf. : 962524535 e-mail : tecnospan@tecnospan.es La ...<\/p>\n<p class=\"read-more\"> <a class=\"\" href=\"https:\/\/tecnospan.es\/fr\/aviso-legal\/\"> <span class=\"screen-reader-text\">Avis juridique<\/span> Lire la suite \"<\/a><\/p>","protected":false},"author":1,"featured_media":0,"parent":0,"menu_order":0,"comment_status":"closed","ping_status":"closed","template":"","meta":{"site-sidebar-layout":"no-sidebar","site-content-layout":"page-builder","ast-global-header-display":"","ast-banner-title-visibility":"","ast-main-header-display":"","ast-hfb-above-header-display":"","ast-hfb-below-header-display":"","ast-hfb-mobile-header-display":"","site-post-title":"disabled","ast-breadcrumbs-content":"","ast-featured-img":"disabled","footer-sml-layout":"","theme-transparent-header-meta":"","adv-header-id-meta":"","stick-header-meta":"","header-above-stick-meta":"","header-main-stick-meta":"","header-below-stick-meta":"","footnotes":""},"class_list":["post-2283","page","type-page","status-publish","hentry"],"yoast_head":"<!-- This site is optimized with the Yoast SEO plugin v26.0 - https:\/\/yoast.com\/wordpress\/plugins\/seo\/ -->\n<title>Aviso Legal - Tecnospan<\/title>\n<meta name=\"robots\" content=\"index, follow, max-snippet:-1, max-image-preview:large, max-video-preview:-1\" \/>\n<link rel=\"canonical\" href=\"https:\/\/tecnospan.es\/fr\/aviso-legal\/\" \/>\n<meta property=\"og:locale\" content=\"fr_FR\" \/>\n<meta property=\"og:type\" content=\"article\" \/>\n<meta property=\"og:title\" content=\"Aviso Legal - Tecnospan\" \/>\n<meta property=\"og:description\" content=\"Aviso Legal En cumplimiento de la Ley 34\/2002, de 11 de Julio, de Servicios de la Sociedad de la Informaci\u00f3n y del Comercio Electr\u00f3nico le comunicamos la siguiente informaci\u00f3n: Titular de este sitio: AZCONA &amp; PANTOJA, S.L. (en adelante, TECNOSPAN) C\/Collao, 18-19 P.I. La Pahilla de Chiva (46370) Valencia NIF:\u00a0B96811070 Telf.:\u00a0962524535 e-mail: tecnospan@tecnospan.es\u00a0 \u00a0 La &hellip; Aviso Legal Lire la suite\u00a0\u00bb\" \/>\n<meta property=\"og:url\" content=\"https:\/\/tecnospan.es\/fr\/aviso-legal\/\" \/>\n<meta property=\"og:site_name\" content=\"Tecnospan\" \/>\n<meta property=\"article:modified_time\" content=\"2023-11-21T09:40:31+00:00\" \/>\n<meta name=\"twitter:card\" content=\"summary_large_image\" \/>\n<meta name=\"twitter:label1\" content=\"Dur\u00e9e de lecture estim\u00e9e\" \/>\n\t<meta name=\"twitter:data1\" content=\"3 minutes\" \/>\n<script type=\"application\/ld+json\" class=\"yoast-schema-graph\">{\"@context\":\"https:\/\/schema.org\",\"@graph\":[{\"@type\":\"WebPage\",\"@id\":\"https:\/\/tecnospan.es\/aviso-legal\/\",\"url\":\"https:\/\/tecnospan.es\/aviso-legal\/\",\"name\":\"Aviso Legal - Tecnospan\",\"isPartOf\":{\"@id\":\"https:\/\/tecnospan.es\/#website\"},\"datePublished\":\"2023-11-21T09:25:47+00:00\",\"dateModified\":\"2023-11-21T09:40:31+00:00\",\"breadcrumb\":{\"@id\":\"https:\/\/tecnospan.es\/aviso-legal\/#breadcrumb\"},\"inLanguage\":\"fr-FR\",\"potentialAction\":[{\"@type\":\"ReadAction\",\"target\":[\"https:\/\/tecnospan.es\/aviso-legal\/\"]}]},{\"@type\":\"BreadcrumbList\",\"@id\":\"https:\/\/tecnospan.es\/aviso-legal\/#breadcrumb\",\"itemListElement\":[{\"@type\":\"ListItem\",\"position\":1,\"name\":\"Portada\",\"item\":\"https:\/\/tecnospan.es\/\"},{\"@type\":\"ListItem\",\"position\":2,\"name\":\"Aviso Legal\"}]},{\"@type\":\"WebSite\",\"@id\":\"https:\/\/tecnospan.es\/#website\",\"url\":\"https:\/\/tecnospan.es\/\",\"name\":\"Tecnospan\",\"description\":\"\",\"publisher\":{\"@id\":\"https:\/\/tecnospan.es\/#organization\"},\"potentialAction\":[{\"@type\":\"SearchAction\",\"target\":{\"@type\":\"EntryPoint\",\"urlTemplate\":\"https:\/\/tecnospan.es\/?s={search_term_string}\"},\"query-input\":{\"@type\":\"PropertyValueSpecification\",\"valueRequired\":true,\"valueName\":\"search_term_string\"}}],\"inLanguage\":\"fr-FR\"},{\"@type\":\"Organization\",\"@id\":\"https:\/\/tecnospan.es\/#organization\",\"name\":\"Tecnospan\",\"url\":\"https:\/\/tecnospan.es\/\",\"logo\":{\"@type\":\"ImageObject\",\"inLanguage\":\"fr-FR\",\"@id\":\"https:\/\/tecnospan.es\/#\/schema\/logo\/image\/\",\"url\":\"https:\/\/tecnospan.es\/wp-content\/uploads\/2023\/06\/logoTecnospan.png\",\"contentUrl\":\"https:\/\/tecnospan.es\/wp-content\/uploads\/2023\/06\/logoTecnospan.png\",\"width\":300,\"height\":72,\"caption\":\"Tecnospan\"},\"image\":{\"@id\":\"https:\/\/tecnospan.es\/#\/schema\/logo\/image\/\"}}]}<\/script>\n<!-- \/ Yoast SEO plugin. -->","yoast_head_json":{"title":"Aviso Legal - Tecnospan","robots":{"index":"index","follow":"follow","max-snippet":"max-snippet:-1","max-image-preview":"max-image-preview:large","max-video-preview":"max-video-preview:-1"},"canonical":"https:\/\/tecnospan.es\/fr\/aviso-legal\/","og_locale":"fr_FR","og_type":"article","og_title":"Aviso Legal - Tecnospan","og_description":"Aviso Legal En cumplimiento de la Ley 34\/2002, de 11 de Julio, de Servicios de la Sociedad de la Informaci\u00f3n y del Comercio Electr\u00f3nico le comunicamos la siguiente informaci\u00f3n: Titular de este sitio: AZCONA &amp; PANTOJA, S.L. (en adelante, TECNOSPAN) C\/Collao, 18-19 P.I. La Pahilla de Chiva (46370) Valencia NIF:\u00a0B96811070 Telf.:\u00a0962524535 e-mail: tecnospan@tecnospan.es\u00a0 \u00a0 La &hellip; Aviso Legal Lire la suite\u00a0\u00bb","og_url":"https:\/\/tecnospan.es\/fr\/aviso-legal\/","og_site_name":"Tecnospan","article_modified_time":"2023-11-21T09:40:31+00:00","twitter_card":"summary_large_image","twitter_misc":{"Dur\u00e9e de lecture estim\u00e9e":"3 minutes"},"schema":{"@context":"https:\/\/schema.org","@graph":[{"@type":"WebPage","@id":"https:\/\/tecnospan.es\/aviso-legal\/","url":"https:\/\/tecnospan.es\/aviso-legal\/","name":"Aviso Legal - Tecnospan","isPartOf":{"@id":"https:\/\/tecnospan.es\/#website"},"datePublished":"2023-11-21T09:25:47+00:00","dateModified":"2023-11-21T09:40:31+00:00","breadcrumb":{"@id":"https:\/\/tecnospan.es\/aviso-legal\/#breadcrumb"},"inLanguage":"fr-FR","potentialAction":[{"@type":"ReadAction","target":["https:\/\/tecnospan.es\/aviso-legal\/"]}]},{"@type":"BreadcrumbList","@id":"https:\/\/tecnospan.es\/aviso-legal\/#breadcrumb","itemListElement":[{"@type":"ListItem","position":1,"name":"Portada","item":"https:\/\/tecnospan.es\/"},{"@type":"ListItem","position":2,"name":"Aviso Legal"}]},{"@type":"WebSite","@id":"https:\/\/tecnospan.es\/#website","url":"https:\/\/tecnospan.es\/","name":"Tecnospan","description":"","publisher":{"@id":"https:\/\/tecnospan.es\/#organization"},"potentialAction":[{"@type":"SearchAction","target":{"@type":"EntryPoint","urlTemplate":"https:\/\/tecnospan.es\/?s={search_term_string}"},"query-input":{"@type":"PropertyValueSpecification","valueRequired":true,"valueName":"search_term_string"}}],"inLanguage":"fr-FR"},{"@type":"Organization","@id":"https:\/\/tecnospan.es\/#organization","name":"Tecnospan","url":"https:\/\/tecnospan.es\/","logo":{"@type":"ImageObject","inLanguage":"fr-FR","@id":"https:\/\/tecnospan.es\/#\/schema\/logo\/image\/","url":"https:\/\/tecnospan.es\/wp-content\/uploads\/2023\/06\/logoTecnospan.png","contentUrl":"https:\/\/tecnospan.es\/wp-content\/uploads\/2023\/06\/logoTecnospan.png","width":300,"height":72,"caption":"Tecnospan"},"image":{"@id":"https:\/\/tecnospan.es\/#\/schema\/logo\/image\/"}}]}},"_links":{"self":[{"href":"https:\/\/tecnospan.es\/fr\/wp-json\/wp\/v2\/pages\/2283","targetHints":{"allow":["GET"]}}],"collection":[{"href":"https:\/\/tecnospan.es\/fr\/wp-json\/wp\/v2\/pages"}],"about":[{"href":"https:\/\/tecnospan.es\/fr\/wp-json\/wp\/v2\/types\/page"}],"author":[{"embeddable":true,"href":"https:\/\/tecnospan.es\/fr\/wp-json\/wp\/v2\/users\/1"}],"replies":[{"embeddable":true,"href":"https:\/\/tecnospan.es\/fr\/wp-json\/wp\/v2\/comments?post=2283"}],"version-history":[{"count":0,"href":"https:\/\/tecnospan.es\/fr\/wp-json\/wp\/v2\/pages\/2283\/revisions"}],"wp:attachment":[{"href":"https:\/\/tecnospan.es\/fr\/wp-json\/wp\/v2\/media?parent=2283"}],"curies":[{"name":"wp","href":"https:\/\/api.w.org\/{rel}","templated":true}]}}