{"id":2295,"date":"2023-11-21T09:42:20","date_gmt":"2023-11-21T09:42:20","guid":{"rendered":"https:\/\/tecnospan.es\/?page_id=2295"},"modified":"2023-11-21T09:46:19","modified_gmt":"2023-11-21T09:46:19","slug":"politica-de-privacidad","status":"publish","type":"page","link":"https:\/\/tecnospan.es\/fr\/politica-de-privacidad\/","title":{"rendered":"Politique de confidentialit\u00e9"},"content":{"rendered":"<div data-elementor-type=\"wp-page\" data-elementor-id=\"2295\" class=\"elementor elementor-2295\" data-elementor-post-type=\"page\">\n\t\t\t\t\t\t<section class=\"elementor-section elementor-top-section elementor-element elementor-element-0214072 elementor-section-boxed elementor-section-height-default elementor-section-height-default\" data-id=\"0214072\" data-element_type=\"section\">\n\t\t\t\t\t\t<div class=\"elementor-container elementor-column-gap-default\">\n\t\t\t\t\t<div class=\"elementor-column elementor-col-100 elementor-top-column elementor-element elementor-element-20aedfc\" data-id=\"20aedfc\" data-element_type=\"column\">\n\t\t\t<div class=\"elementor-widget-wrap elementor-element-populated\">\n\t\t\t\t\t\t<div class=\"elementor-element elementor-element-c513648 elementor-widget elementor-widget-heading\" data-id=\"c513648\" data-element_type=\"widget\" data-widget_type=\"heading.default\">\n\t\t\t\t<div class=\"elementor-widget-container\">\n\t\t\t\t\t<h2 class=\"elementor-heading-title elementor-size-default\">Politique de confidentialit\u00e9<\/h2>\t\t\t\t<\/div>\n\t\t\t\t<\/div>\n\t\t\t\t<div class=\"elementor-element elementor-element-a248eee elementor-widget elementor-widget-text-editor\" data-id=\"a248eee\" data-element_type=\"widget\" data-widget_type=\"text-editor.default\">\n\t\t\t\t<div class=\"elementor-widget-container\">\n\t\t\t\t\t\t\t\t\t<p>Le propri\u00e9taire du site web et le contr\u00f4leur des donn\u00e9es, <strong>AZCONA &amp; PANTOJA, S.L. (ci-apr\u00e8s d\u00e9nomm\u00e9e TECNOSPAN<\/strong><strong>) <\/strong>dont l'adresse est C\/ Collao, 18-19 de Chiva (46370) Valencia et le FNI : <strong>B96811070<\/strong>est le propri\u00e9taire du portail et le met \u00e0 la disposition des utilisateurs d'Internet afin de fournir des informations sur les services qu'il propose. <strong>TECNOSPAN<\/strong>et pour permettre la fourniture de services par l'interm\u00e9diaire du portail.<\/p><p><strong><u>\u00a0<\/u><\/strong><\/p><p><strong><u>Coordonn\u00e9es de la personne \u00e0 contacter<\/u><\/strong><\/p><p>Num\u00e9ro de t\u00e9l\u00e9phone de contact :\u00a0<strong>962524535<\/strong><\/p><p>Pour toute gestion ou demande concernant la protection de la vie priv\u00e9e de <strong>TECNOSPAN<\/strong>L'utilisateur peut contacter notre adresse \u00e9lectronique \u00e0 l'adresse suivante <strong><a href=\"mailto:tecnospan@tecnospan.es\">tecnospan@tecnospan.es<\/a>\u00a0 \u00a0 \u00a0 \u00a0 \u00a0<\/strong>\u00a0<\/p><p><strong>1.- Finalit\u00e9 Pour quelles raisons traitons-nous vos donn\u00e9es ?<\/strong><\/p><p><strong>TECNOSPAN <\/strong>informe l'utilisateur de l'existence d'un traitement de donn\u00e9es \u00e0 caract\u00e8re personnel (<strong>traitement appel\u00e9 \"UTILISATEURS WEB\".<\/strong>) cr\u00e9\u00e9 \u00e0 partir des donn\u00e9es obtenues sur le site web par et pour <strong>TECNOSPAN <\/strong>et sous leur responsabilit\u00e9.\u00a0<\/p><p>Ce traitement a \u00e9t\u00e9 cr\u00e9\u00e9 dans le but de fournir des informations sur la prestation des services offerts par le portail, ainsi que pour r\u00e9pondre et g\u00e9rer les demandes formul\u00e9es par les utilisateurs par l'interm\u00e9diaire de ce canal.<\/p><ul><li>Les conditions de conservation des donn\u00e9es que les utilisateurs nous fournissent par le biais des formulaires du site web sont les suivantes :<ul><li>En cas de demande de renseignements : une fois que la demande a re\u00e7u une r\u00e9ponse, l'ann\u00e9e en cours est prise en compte.<\/li><li>Dans le cas d'un contrat portant sur l'un de nos services : pendant la dur\u00e9e de la relation contractuelle.<\/li><\/ul><\/li><\/ul><p>\u00a0<\/p><p>\u00a0<strong>2.- L\u00e9gitimation Quelle est la l\u00e9gitimation du traitement de vos donn\u00e9es ?<\/strong><\/p><p>La base juridique du traitement des donn\u00e9es personnelles des utilisateurs est la suivante\u00a0<strong>le consentement de la personne concern\u00e9e<\/strong>.<\/p><p>De m\u00eame, l'offre prospective de services se fonde sur le consentement demand\u00e9 \u00e0 l'utilisateur, et le retrait de ce consentement ne conditionne en aucun cas l'ex\u00e9cution d'autres objectifs.<\/p><p>Les utilisateurs ne sont pas oblig\u00e9s de nous fournir leurs donn\u00e9es personnelles, mais s'ils ne nous fournissent pas les donn\u00e9es minimales demand\u00e9es, ils ne pourront pas effectuer les op\u00e9rations propos\u00e9es en ligne sur notre site web, telles que r\u00e9pondre \u00e0 des questions, nous contacter, laisser un commentaire, participer et\/ou acc\u00e9der \u00e0 certaines sections du site web.<\/p><p>En outre, nous vous informons que vous pouvez r\u00e9voquer votre consentement \u00e0 la collecte et au traitement de vos donn\u00e9es personnelles \u00e0 tout moment, par le biais de la proc\u00e9dure que nous \u00e9tablissons \u00e0 cet effet, sans que cela n'affecte la l\u00e9galit\u00e9 du traitement fond\u00e9 sur le consentement avant son retrait.<\/p><p>\u00a0<\/p><p><strong>3.- Destinataires A quels destinataires vos donn\u00e9es seront-elles communiqu\u00e9es ?<\/strong><\/p><p>Les donn\u00e9es collect\u00e9es sur ce site web au moyen des formulaires correspondants ne seront pas transmises \u00e0 des tiers et ne pourront \u00eatre communiqu\u00e9es qu'\u00e0 d'autres soci\u00e9t\u00e9s charg\u00e9es du traitement des donn\u00e9es personnelles, qui ne traiteront les donn\u00e9es que conform\u00e9ment aux indications strictes selon lesquelles <strong>TECNOSPAN <\/strong>\u00e9tablis avec ces responsables du traitement des donn\u00e9es. Dans tous les cas, les donn\u00e9es seront communiqu\u00e9es au sein de l'Union europ\u00e9enne et uniquement aux fins indiqu\u00e9es ci-dessus.<\/p><p><strong>\u00a0<\/strong><\/p><p><strong>4.- Droits Quels sont vos droits lorsque vous nous fournissez vos donn\u00e9es ?<\/strong><\/p><p>Aux utilisateurs du site web appartenant \u00e0 <strong>TECNOSPAN <\/strong>se voient garantir les droits \u00e9nonc\u00e9s dans la l\u00e9gislation sur la protection des donn\u00e9es \u00e0 caract\u00e8re personnel :<\/p><p>Tout d'abord, l'utilisateur a le droit d'obtenir la confirmation qu'il est ou n'est pas dans une situation d'urgence. <strong>TECNOSPAN <\/strong>si des donn\u00e9es \u00e0 caract\u00e8re personnel vous concernant sont trait\u00e9es ou non.<\/p><p>Les utilisateurs auront le droit d'acc\u00e9der \u00e0 leurs donn\u00e9es personnelles, ainsi que de demander la rectification des donn\u00e9es inexactes ou, le cas \u00e9ch\u00e9ant, de demander leur effacement, leur opposition ou leur limitation lorsque, entre autres raisons, les donn\u00e9es ne sont plus n\u00e9cessaires au regard des finalit\u00e9s pour lesquelles elles ont \u00e9t\u00e9 collect\u00e9es, ainsi que la portabilit\u00e9 afin de fournir leurs donn\u00e9es personnelles \u00e0 un nouveau responsable du traitement.<\/p><p>Les utilisateurs ont le droit de s'opposer au traitement de leurs donn\u00e9es personnelles, de sorte que <strong>TECNOSPAN <\/strong>cessera de traiter vos donn\u00e9es, sauf pour des raisons l\u00e9gitimes et imp\u00e9rieuses, ou pour l'exercice ou la d\u00e9fense d'\u00e9ventuelles r\u00e9clamations.<\/p><p>Les utilisateurs ont le droit de demander <strong>TECNOSPAN <\/strong>de limiter le traitement de vos donn\u00e9es \u00e0 caract\u00e8re personnel lorsque les exigences du r\u00e8glement UE 2016\/679 et de la loi organique 3\/2018 du 5 d\u00e9cembre sur la protection des donn\u00e9es \u00e0 caract\u00e8re personnel et la garantie des droits num\u00e9riques sont respect\u00e9es.<\/p><p><strong>TECNOSPAN <\/strong>vous informe qu'il a mis en \u0153uvre les mesures de s\u00e9curit\u00e9 techniques et organisationnelles n\u00e9cessaires pour garantir la s\u00e9curit\u00e9 de vos donn\u00e9es personnelles et emp\u00eacher leur alt\u00e9ration, perte, traitement et\/ou acc\u00e8s non autoris\u00e9, conform\u00e9ment aux dispositions du RGPD 2016\/679 du 27 avril 2016 et de la loi organique 3\/2018 du 5 d\u00e9cembre sur la protection des donn\u00e9es personnelles et la garantie des droits num\u00e9riques.<\/p><p>Enfin, nous vous informons que toute personne concern\u00e9e peut introduire une r\u00e9clamation aupr\u00e8s de l'Agence espagnole de protection des donn\u00e9es, notamment lorsqu'elle n'a pas obtenu satisfaction dans l'exercice de ses droits.<\/p><p>Sur le lien suivant, vous trouverez plus d'informations sur les plaintes d\u00e9pos\u00e9es aupr\u00e8s de l'Agence espagnole de protection des donn\u00e9es :<\/p><p><a href=\"https:\/\/sedeagpd.gob.es\/sede-electronica-web\/vistas\/infoSede\/tramitesCiudadano.jsf\">https:\/\/sedeagpd.gob.es\/sede-electronica-web\/vistas\/infoSede\/tramitesCiudadano.jsf<\/a><\/p><p><strong>5.- Communications commerciales<\/strong><\/p><p><strong>TECNOSPAN <\/strong>peut envoyer des communications commerciales par tout moyen dans le respect de la l\u00e9gislation en vigueur en mati\u00e8re de protection des donn\u00e9es \u00e0 caract\u00e8re personnel.<\/p><p>Pour les communications commerciales envoy\u00e9es par courrier \u00e9lectronique et par des moyens \u00e9quivalents, conform\u00e9ment aux dispositions de la loi 34\/2002, du 11 juillet, sur les services de la soci\u00e9t\u00e9 de l'information et le commerce \u00e9lectronique, le consentement de l'utilisateur sera d\u00fbment obtenu au moment de la collecte des donn\u00e9es correspondantes.<\/p><p>L'utilisateur peut \u00e0 tout moment r\u00e9voquer le consentement qu'il a donn\u00e9 pour recevoir des communications personnelles en notifiant simplement ses souhaits \u00e0 <strong>TECNOSPAN <\/strong>\u00e0 notre adresse e-mail <a href=\"mailto:tecnospan@tecnospan.es\"><strong>tecnospan@tecnospan.es<\/strong><\/a><\/p>\t\t\t\t\t\t\t\t<\/div>\n\t\t\t\t<\/div>\n\t\t\t\t\t<\/div>\n\t\t<\/div>\n\t\t\t\t\t<\/div>\n\t\t<\/section>\n\t\t\t\t<\/div>","protected":false},"excerpt":{"rendered":"<p>Politique de confidentialit\u00e9 Le propri\u00e9taire du site web et responsable de son traitement, AZCONA &amp; PANTOJA, S.L. (ci-apr\u00e8s, TECNOSPAN), dont le si\u00e8ge social est situ\u00e9 \u00e0 C\/ Collao, 18-19 de Chiva (46370) Valencia et NIF : B96811070, est le propri\u00e9taire du portail et le met \u00e0 la disposition des utilisateurs d'Internet, afin de fournir des informations sur les services offerts par TECNOSPAN, S.L., ainsi que sur les ...<\/p>\n<p class=\"read-more\"> <a class=\"\" href=\"https:\/\/tecnospan.es\/fr\/politica-de-privacidad\/\"> <span class=\"screen-reader-text\">Politique de confidentialit\u00e9<\/span> Lire la suite \"<\/a><\/p>","protected":false},"author":1,"featured_media":0,"parent":0,"menu_order":0,"comment_status":"closed","ping_status":"closed","template":"","meta":{"site-sidebar-layout":"no-sidebar","site-content-layout":"page-builder","ast-global-header-display":"","ast-banner-title-visibility":"","ast-main-header-display":"","ast-hfb-above-header-display":"","ast-hfb-below-header-display":"","ast-hfb-mobile-header-display":"","site-post-title":"disabled","ast-breadcrumbs-content":"","ast-featured-img":"disabled","footer-sml-layout":"","theme-transparent-header-meta":"","adv-header-id-meta":"","stick-header-meta":"","header-above-stick-meta":"","header-main-stick-meta":"","header-below-stick-meta":"","footnotes":""},"class_list":["post-2295","page","type-page","status-publish","hentry"],"yoast_head":"<!-- This site is optimized with the Yoast SEO plugin v26.0 - https:\/\/yoast.com\/wordpress\/plugins\/seo\/ -->\n<title>Pol\u00edtica de privacidad - Tecnospan<\/title>\n<meta name=\"robots\" content=\"index, follow, max-snippet:-1, max-image-preview:large, max-video-preview:-1\" \/>\n<link rel=\"canonical\" href=\"https:\/\/tecnospan.es\/fr\/politica-de-privacidad\/\" \/>\n<meta property=\"og:locale\" content=\"fr_FR\" \/>\n<meta property=\"og:type\" content=\"article\" \/>\n<meta property=\"og:title\" content=\"Pol\u00edtica de privacidad - Tecnospan\" \/>\n<meta property=\"og:description\" content=\"Pol\u00edtica de Privacidad El titular de la web y responsable del tratamiento, AZCONA &amp; PANTOJA, S.L. (en adelante, TECNOSPAN) con domicilio en C\/ Collao, 18-19 de Chiva (46370) Valencia y NIF: B96811070, es el titular del Portal y lo pone a disposici\u00f3n de los usuarios de Internet, con el fin tanto de proporcionar informaci\u00f3n sobre &hellip; Pol\u00edtica de privacidad Lire la suite\u00a0\u00bb\" \/>\n<meta property=\"og:url\" content=\"https:\/\/tecnospan.es\/fr\/politica-de-privacidad\/\" \/>\n<meta property=\"og:site_name\" content=\"Tecnospan\" \/>\n<meta property=\"article:modified_time\" content=\"2023-11-21T09:46:19+00:00\" \/>\n<meta name=\"twitter:card\" content=\"summary_large_image\" \/>\n<meta name=\"twitter:label1\" content=\"Dur\u00e9e de lecture estim\u00e9e\" \/>\n\t<meta name=\"twitter:data1\" content=\"5 minutes\" \/>\n<script type=\"application\/ld+json\" class=\"yoast-schema-graph\">{\"@context\":\"https:\/\/schema.org\",\"@graph\":[{\"@type\":\"WebPage\",\"@id\":\"https:\/\/tecnospan.es\/politica-de-privacidad\/\",\"url\":\"https:\/\/tecnospan.es\/politica-de-privacidad\/\",\"name\":\"Pol\u00edtica de privacidad - Tecnospan\",\"isPartOf\":{\"@id\":\"https:\/\/tecnospan.es\/#website\"},\"datePublished\":\"2023-11-21T09:42:20+00:00\",\"dateModified\":\"2023-11-21T09:46:19+00:00\",\"breadcrumb\":{\"@id\":\"https:\/\/tecnospan.es\/politica-de-privacidad\/#breadcrumb\"},\"inLanguage\":\"fr-FR\",\"potentialAction\":[{\"@type\":\"ReadAction\",\"target\":[\"https:\/\/tecnospan.es\/politica-de-privacidad\/\"]}]},{\"@type\":\"BreadcrumbList\",\"@id\":\"https:\/\/tecnospan.es\/politica-de-privacidad\/#breadcrumb\",\"itemListElement\":[{\"@type\":\"ListItem\",\"position\":1,\"name\":\"Portada\",\"item\":\"https:\/\/tecnospan.es\/\"},{\"@type\":\"ListItem\",\"position\":2,\"name\":\"Pol\u00edtica de privacidad\"}]},{\"@type\":\"WebSite\",\"@id\":\"https:\/\/tecnospan.es\/#website\",\"url\":\"https:\/\/tecnospan.es\/\",\"name\":\"Tecnospan\",\"description\":\"\",\"publisher\":{\"@id\":\"https:\/\/tecnospan.es\/#organization\"},\"potentialAction\":[{\"@type\":\"SearchAction\",\"target\":{\"@type\":\"EntryPoint\",\"urlTemplate\":\"https:\/\/tecnospan.es\/?s={search_term_string}\"},\"query-input\":{\"@type\":\"PropertyValueSpecification\",\"valueRequired\":true,\"valueName\":\"search_term_string\"}}],\"inLanguage\":\"fr-FR\"},{\"@type\":\"Organization\",\"@id\":\"https:\/\/tecnospan.es\/#organization\",\"name\":\"Tecnospan\",\"url\":\"https:\/\/tecnospan.es\/\",\"logo\":{\"@type\":\"ImageObject\",\"inLanguage\":\"fr-FR\",\"@id\":\"https:\/\/tecnospan.es\/#\/schema\/logo\/image\/\",\"url\":\"https:\/\/tecnospan.es\/wp-content\/uploads\/2023\/06\/logoTecnospan.png\",\"contentUrl\":\"https:\/\/tecnospan.es\/wp-content\/uploads\/2023\/06\/logoTecnospan.png\",\"width\":300,\"height\":72,\"caption\":\"Tecnospan\"},\"image\":{\"@id\":\"https:\/\/tecnospan.es\/#\/schema\/logo\/image\/\"}}]}<\/script>\n<!-- \/ Yoast SEO plugin. -->","yoast_head_json":{"title":"Pol\u00edtica de privacidad - Tecnospan","robots":{"index":"index","follow":"follow","max-snippet":"max-snippet:-1","max-image-preview":"max-image-preview:large","max-video-preview":"max-video-preview:-1"},"canonical":"https:\/\/tecnospan.es\/fr\/politica-de-privacidad\/","og_locale":"fr_FR","og_type":"article","og_title":"Pol\u00edtica de privacidad - Tecnospan","og_description":"Pol\u00edtica de Privacidad El titular de la web y responsable del tratamiento, AZCONA &amp; PANTOJA, S.L. (en adelante, TECNOSPAN) con domicilio en C\/ Collao, 18-19 de Chiva (46370) Valencia y NIF: B96811070, es el titular del Portal y lo pone a disposici\u00f3n de los usuarios de Internet, con el fin tanto de proporcionar informaci\u00f3n sobre &hellip; Pol\u00edtica de privacidad Lire la suite\u00a0\u00bb","og_url":"https:\/\/tecnospan.es\/fr\/politica-de-privacidad\/","og_site_name":"Tecnospan","article_modified_time":"2023-11-21T09:46:19+00:00","twitter_card":"summary_large_image","twitter_misc":{"Dur\u00e9e de lecture estim\u00e9e":"5 minutes"},"schema":{"@context":"https:\/\/schema.org","@graph":[{"@type":"WebPage","@id":"https:\/\/tecnospan.es\/politica-de-privacidad\/","url":"https:\/\/tecnospan.es\/politica-de-privacidad\/","name":"Pol\u00edtica de privacidad - Tecnospan","isPartOf":{"@id":"https:\/\/tecnospan.es\/#website"},"datePublished":"2023-11-21T09:42:20+00:00","dateModified":"2023-11-21T09:46:19+00:00","breadcrumb":{"@id":"https:\/\/tecnospan.es\/politica-de-privacidad\/#breadcrumb"},"inLanguage":"fr-FR","potentialAction":[{"@type":"ReadAction","target":["https:\/\/tecnospan.es\/politica-de-privacidad\/"]}]},{"@type":"BreadcrumbList","@id":"https:\/\/tecnospan.es\/politica-de-privacidad\/#breadcrumb","itemListElement":[{"@type":"ListItem","position":1,"name":"Portada","item":"https:\/\/tecnospan.es\/"},{"@type":"ListItem","position":2,"name":"Pol\u00edtica de privacidad"}]},{"@type":"WebSite","@id":"https:\/\/tecnospan.es\/#website","url":"https:\/\/tecnospan.es\/","name":"Tecnospan","description":"","publisher":{"@id":"https:\/\/tecnospan.es\/#organization"},"potentialAction":[{"@type":"SearchAction","target":{"@type":"EntryPoint","urlTemplate":"https:\/\/tecnospan.es\/?s={search_term_string}"},"query-input":{"@type":"PropertyValueSpecification","valueRequired":true,"valueName":"search_term_string"}}],"inLanguage":"fr-FR"},{"@type":"Organization","@id":"https:\/\/tecnospan.es\/#organization","name":"Tecnospan","url":"https:\/\/tecnospan.es\/","logo":{"@type":"ImageObject","inLanguage":"fr-FR","@id":"https:\/\/tecnospan.es\/#\/schema\/logo\/image\/","url":"https:\/\/tecnospan.es\/wp-content\/uploads\/2023\/06\/logoTecnospan.png","contentUrl":"https:\/\/tecnospan.es\/wp-content\/uploads\/2023\/06\/logoTecnospan.png","width":300,"height":72,"caption":"Tecnospan"},"image":{"@id":"https:\/\/tecnospan.es\/#\/schema\/logo\/image\/"}}]}},"_links":{"self":[{"href":"https:\/\/tecnospan.es\/fr\/wp-json\/wp\/v2\/pages\/2295","targetHints":{"allow":["GET"]}}],"collection":[{"href":"https:\/\/tecnospan.es\/fr\/wp-json\/wp\/v2\/pages"}],"about":[{"href":"https:\/\/tecnospan.es\/fr\/wp-json\/wp\/v2\/types\/page"}],"author":[{"embeddable":true,"href":"https:\/\/tecnospan.es\/fr\/wp-json\/wp\/v2\/users\/1"}],"replies":[{"embeddable":true,"href":"https:\/\/tecnospan.es\/fr\/wp-json\/wp\/v2\/comments?post=2295"}],"version-history":[{"count":0,"href":"https:\/\/tecnospan.es\/fr\/wp-json\/wp\/v2\/pages\/2295\/revisions"}],"wp:attachment":[{"href":"https:\/\/tecnospan.es\/fr\/wp-json\/wp\/v2\/media?parent=2295"}],"curies":[{"name":"wp","href":"https:\/\/api.w.org\/{rel}","templated":true}]}}