{"id":2300,"date":"2023-11-21T09:46:54","date_gmt":"2023-11-21T09:46:54","guid":{"rendered":"https:\/\/tecnospan.es\/?page_id=2300"},"modified":"2023-11-21T09:49:14","modified_gmt":"2023-11-21T09:49:14","slug":"politica-de-cookies","status":"publish","type":"page","link":"https:\/\/tecnospan.es\/fr\/politica-de-cookies\/","title":{"rendered":"Politique en mati\u00e8re de cookies"},"content":{"rendered":"<div data-elementor-type=\"wp-page\" data-elementor-id=\"2300\" class=\"elementor elementor-2300\" data-elementor-post-type=\"page\">\n\t\t\t\t\t\t<section class=\"elementor-section elementor-top-section elementor-element elementor-element-0214072 elementor-section-boxed elementor-section-height-default elementor-section-height-default\" data-id=\"0214072\" data-element_type=\"section\">\n\t\t\t\t\t\t<div class=\"elementor-container elementor-column-gap-default\">\n\t\t\t\t\t<div class=\"elementor-column elementor-col-100 elementor-top-column elementor-element elementor-element-20aedfc\" data-id=\"20aedfc\" data-element_type=\"column\">\n\t\t\t<div class=\"elementor-widget-wrap elementor-element-populated\">\n\t\t\t\t\t\t<div class=\"elementor-element elementor-element-c513648 elementor-widget elementor-widget-heading\" data-id=\"c513648\" data-element_type=\"widget\" data-widget_type=\"heading.default\">\n\t\t\t\t<div class=\"elementor-widget-container\">\n\t\t\t\t\t<h2 class=\"elementor-heading-title elementor-size-default\">Politique en mati\u00e8re de cookies<\/h2>\t\t\t\t<\/div>\n\t\t\t\t<\/div>\n\t\t\t\t<div class=\"elementor-element elementor-element-a248eee elementor-widget elementor-widget-text-editor\" data-id=\"a248eee\" data-element_type=\"widget\" data-widget_type=\"text-editor.default\">\n\t\t\t\t<div class=\"elementor-widget-container\">\n\t\t\t\t\t\t\t\t\t<p>Un cookie est un petit fichier texte qui est stock\u00e9 dans votre navigateur lorsque vous visitez presque n'importe quel site web. Son utilit\u00e9 est de permettre au site web de se souvenir de votre visite lorsque vous revenez naviguer sur cette page. Les cookies stockent g\u00e9n\u00e9ralement des informations de nature technique, des pr\u00e9f\u00e9rences personnelles, la personnalisation du contenu, des statistiques d'utilisation, des liens vers des r\u00e9seaux sociaux, l'acc\u00e8s \u00e0 des comptes d'utilisateurs, etc. L'objectif du cookie est d'adapter le contenu du site web \u00e0 votre profil et \u00e0 vos besoins. Sans les cookies, les services offerts par chaque page seraient consid\u00e9rablement r\u00e9duits.<\/p><p><strong>Plus d'informations sur les cookies<\/strong><\/p><p>Qu'est-ce qu'un cookie ?<\/p><p>Un cookie est un fichier texte inoffensif qui est stock\u00e9 dans votre navigateur lorsque vous visitez presque n'importe quel site web. Le but du cookie est de permettre au site web de se souvenir de votre visite lorsque vous revenez sur cette page. Bien que de nombreuses personnes l'ignorent, les cookies sont utilis\u00e9s depuis 20 ans, lorsque les premiers navigateurs pour le World Wide Web sont apparus.<\/p><p>Qu'est-ce qui n'est pas un cookie ?<\/p><p>Il ne s'agit pas d'un virus, d'un cheval de Troie, d'un ver, d'un spam, d'un logiciel espion ou d'une fen\u00eatre contextuelle.<\/p><p>Quelles informations un cookie stocke-t-il ?<\/p><p>Les cookies ne stockent g\u00e9n\u00e9ralement pas d'informations sensibles vous concernant, telles que des donn\u00e9es bancaires ou de carte de cr\u00e9dit, des photographies, votre identit\u00e9 ou des informations personnelles, etc. Les donn\u00e9es qu'ils stockent sont de nature technique, pr\u00e9f\u00e9rences personnelles, personnalisation du contenu, etc.<\/p><p>Le serveur web ne vous associe pas en tant que personne, mais votre navigateur web. En fait, si vous naviguez habituellement avec Internet Explorer et que vous essayez de naviguer sur le m\u00eame site web avec Firefox ou Chrome, vous verrez que le web ne se rend pas compte que vous \u00eates la m\u00eame personne parce qu'il associe en fait le navigateur, et non la personne.<\/p><p>Quels sont les types de cookies ?<\/p><ul><li>Cookies techniques : ce sont les plus basiques et ils permettent, entre autres, de savoir quand un humain ou une application automatis\u00e9e navigue, quand un utilisateur anonyme et un utilisateur enregistr\u00e9 naviguent, des t\u00e2ches de base pour le fonctionnement de tout site web dynamique.<\/li><li>Cookies d'analyse : ils collectent des informations sur le type de navigation que vous effectuez, les rubriques que vous utilisez le plus, les produits consult\u00e9s, le temps d'utilisation, la langue, etc.<\/li><li>Cookies publicitaires : ils affichent de la publicit\u00e9 en fonction de vos habitudes de navigation, de votre pays d'origine, de votre langue, etc.<\/li><\/ul><p>Qu'est-ce qu'un cookie de premi\u00e8re partie et un cookie de tierce partie ?<\/p><p>Les cookies de premi\u00e8re partie sont ceux g\u00e9n\u00e9r\u00e9s par le site web que vous visitez et les cookies de tierce partie sont ceux g\u00e9n\u00e9r\u00e9s par des services ou des fournisseurs externes tels que Facebook, Twitter, Google, etc.<\/p><p>Que se passe-t-il si je d\u00e9sactive les cookies ?<\/p><p>Pour vous aider \u00e0 comprendre dans quelle mesure les cookies peuvent \u00eatre d\u00e9sactiv\u00e9s, voici quelques exemples :<\/p><ul><li>Vous ne pouvez pas partager le contenu de ce site web sur Facebook, Twitter ou tout autre r\u00e9seau social.<\/li><li>Le site web ne sera pas en mesure d'adapter le contenu \u00e0 vos pr\u00e9f\u00e9rences personnelles, comme c'est souvent le cas pour les boutiques en ligne.<\/li><li>Vous ne pourrez pas acc\u00e9der \u00e0 la zone personnelle de ce site web, telle que Mon compte, Mon profil ou Mes commandes.<\/li><li>Magasins en ligne : il vous sera impossible de faire des achats en ligne, vous devrez le faire par t\u00e9l\u00e9phone ou en vous rendant dans le magasin physique si vous en avez un.<\/li><li>Il ne sera pas possible de personnaliser vos pr\u00e9f\u00e9rences g\u00e9ographiques telles que le fuseau horaire, la devise ou la langue.<\/li><li>Le site web ne sera pas en mesure d'effectuer des analyses sur les visiteurs et le trafic web, ce qui rendra le site web difficilement comp\u00e9titif.<\/li><li>Vous ne pourrez pas \u00e9crire sur le blog, t\u00e9l\u00e9charger des photos, publier des commentaires, \u00e9valuer ou noter le contenu. Le site web ne sera pas non plus en mesure de d\u00e9terminer si vous \u00eates un \u00eatre humain ou une application automatis\u00e9e publiant du spam.<\/li><li>Il ne sera pas possible d'afficher de la publicit\u00e9 cibl\u00e9e, ce qui r\u00e9duira les recettes publicitaires du site web.<\/li><li>Tous les r\u00e9seaux sociaux utilisent des cookies. Si vous les d\u00e9sactivez, vous ne pourrez utiliser aucun r\u00e9seau social.<\/li><\/ul><p>Les cookies peuvent-ils \u00eatre supprim\u00e9s et\/ou bloqu\u00e9s ?<\/p><p>Oui, vous pouvez supprimer et bloquer les cookies. Vous trouverez ci-dessous des liens vers les param\u00e8tres des navigateurs les plus couramment utilis\u00e9s afin que vous puissiez proc\u00e9der selon vos pr\u00e9f\u00e9rences :<\/p><p>Google Chrome :\u00a0<a href=\"https:\/\/support.google.com\/chrome\/answer\/95647?hl=es-419\">https:\/\/support.google.com\/chrome\/answer\/95647?hl=es-419<\/a><\/p><p>Mozilla Firefox :\u00a0<a href=\"https:\/\/support.mozilla.org\/es\/kb\/proteccion-de-rastreo-mejorada-en-firefox-para-esc\">https:\/\/support.mozilla.org\/es\/kb\/proteccion-de-rastreo-mejorada-en-firefox-para-esc<\/a><\/p><p>Safari :\u00a0<a href=\"https:\/\/support.apple.com\/es-es\/HT201265\">https:\/\/support.apple.com\/es-es\/HT201265<\/a><\/p><p>Microsoft Edge :\u00a0<a href=\"https:\/\/support.microsoft.com\/es-es\/microsoft-edge\/eliminar-las-cookies-en-microsoft-edge-63947406-40ac-c3b8-57b9-2a946a29ae09\">https:\/\/support.microsoft.com\/es-es\/microsoft-edge\/eliminar-las-cookies-en-microsoft-edge-63947406-40ac-c3b8-57b9-2a946a29ae09<\/a><\/p><p>Internet Explorer :\u00a0<a href=\"https:\/\/support.microsoft.com\/es-es\/topic\/eliminar-y-administrar-cookies-168dab11-0753-043d-7c16-ede5947fc64d\">https:\/\/support.microsoft.com\/es-es\/topic\/eliminar-y-administrar-cookies-168dab11-0753-043d-7c16-ede5947fc64d<\/a><\/p><p>Cookies utilis\u00e9s sur ce site<\/p><p>Conform\u00e9ment aux directives de l'Agence espagnole de protection des donn\u00e9es, nous d\u00e9taillons l'utilisation des cookies sur ce site Web afin de vous informer le plus pr\u00e9cis\u00e9ment possible.<\/p><p>Ce site Internet utilise les \u00e9l\u00e9ments suivants\u00a0<strong>les cookies de tiers<\/strong>:<\/p><ul><li>Google Analytics : Stocke des cookies pour \u00e9tablir des statistiques sur le trafic et le volume de visites sur ce site, ainsi que sur la langue utilis\u00e9e. En utilisant ce site, vous consentez au traitement de vos donn\u00e9es personnelles par Google. Par cons\u00e9quent, l'exercice de tout droit \u00e0 cet \u00e9gard doit se faire en communiquant directement avec Google (<strong>par exemple : -APISID, CONSENT, HSID, NID, SID, _ga, _gat)<\/strong><\/li><li><strong>Cookies de m\u00e9dias sociaux :\u00a0<\/strong>Notre \"<strong>Plugins sociaux<\/strong>\"ne sont pas int\u00e9gr\u00e9s dans notre portail, mais uniquement par le biais d'un lien HTML (appel\u00e9 \"plug-in shariff\"). Cela garantit qu'une connexion au service du fournisseur du r\u00e9seau social n'est pas cr\u00e9\u00e9e par la simple utilisation de notre site web. En cliquant sur un bouton de r\u00e9seau social sur notre site web, vous ouvrirez une nouvelle fen\u00eatre et un lien vers la page du fournisseur de services. Pour conna\u00eetre les droits et les options de param\u00e9trage li\u00e9s \u00e0 la protection de votre vie priv\u00e9e, veuillez vous r\u00e9f\u00e9rer aux politiques de confidentialit\u00e9 des donn\u00e9es des fournisseurs :<\/li><\/ul><ul><li>Facebook :<a href=\"https:\/\/es-es.facebook.com\/privacy\/explanation\">https:\/\/es-es.facebook.com\/privacy\/explanation<\/a><\/li><li>Instagram :<a href=\"https:\/\/help.instagram.com\/519522125107875\">https:\/\/help.instagram.com\/519522125107875<\/a><\/li><\/ul><p>D\u00e9sactiver ou supprimer les cookies<\/p><p>Ce site web met \u00e0 la disposition des utilisateurs un formulaire facilement accessible leur permettant d'activer ou de d\u00e9sactiver \u00e0 tout moment les cookies que nous utilisons en fonction de leurs pr\u00e9f\u00e9rences personnelles.<\/p><p>En revanche, en ce qui concerne les plug-ins d'entit\u00e9s externes (tels que les services de Google Inc.) utilis\u00e9s sur notre site web, nous recommandons \u00e0 tous les utilisateurs d'acc\u00e9der aux politiques de confidentialit\u00e9 de chaque fournisseur de services pour plus d'informations :<\/p><p><em>-\u00a0<\/em><a href=\"http:\/\/www.google.es\/intl\/es\/policies\/privacy\/\"><em>http:\/\/www.google.es\/intl\/es\/policies\/privacy\/<\/em><\/a><\/p><p>Notes compl\u00e9mentaires<\/p><ul><li>Ni ce site web ni ses repr\u00e9sentants l\u00e9gaux ne sont responsables du contenu ou de la v\u00e9racit\u00e9 des politiques de confidentialit\u00e9 des tiers mentionn\u00e9s dans cette politique en mati\u00e8re de cookies.<\/li><li>Les navigateurs web sont les outils responsables du stockage des cookies et, \u00e0 partir de l\u00e0, vous devez exercer votre droit de les supprimer ou de les d\u00e9sactiver. Ni ce site web ni ses repr\u00e9sentants l\u00e9gaux ne peuvent garantir le traitement correct ou incorrect des cookies par les navigateurs susmentionn\u00e9s.<\/li><li>Dans certains cas, il est n\u00e9cessaire d'installer des cookies afin que le navigateur n'oublie pas votre d\u00e9cision de ne pas les accepter.<\/li><li>Dans le cas des cookies Google Analytics, Google les stocke sur des serveurs situ\u00e9s aux Etats-Unis et s'engage \u00e0 ne pas les partager avec des tiers, sauf si cela est n\u00e9cessaire au fonctionnement du syst\u00e8me ou si la loi l'exige. Selon Google, votre adresse IP n'est pas conserv\u00e9e. Google Inc. est une soci\u00e9t\u00e9 qui adh\u00e8re \u00e0 l'accord Safe Harbour, qui garantit que toutes les donn\u00e9es transf\u00e9r\u00e9es seront trait\u00e9es avec un niveau de protection conforme \u00e0 la r\u00e9glementation europ\u00e9enne.<\/li><li>Si vous avez des doutes ou des questions concernant cette politique en mati\u00e8re de cookies, n'h\u00e9sitez pas \u00e0 nous contacter via la section contact.<\/li><\/ul>\t\t\t\t\t\t\t\t<\/div>\n\t\t\t\t<\/div>\n\t\t\t\t\t<\/div>\n\t\t<\/div>\n\t\t\t\t\t<\/div>\n\t\t<\/section>\n\t\t\t\t<section class=\"elementor-section elementor-top-section elementor-element elementor-element-1d61b9a elementor-section-boxed elementor-section-height-default elementor-section-height-default\" data-id=\"1d61b9a\" data-element_type=\"section\">\n\t\t\t\t\t\t<div class=\"elementor-container elementor-column-gap-default\">\n\t\t\t\t\t<div class=\"elementor-column elementor-col-100 elementor-top-column elementor-element elementor-element-b897c11\" data-id=\"b897c11\" data-element_type=\"column\">\n\t\t\t<div class=\"elementor-widget-wrap elementor-element-populated\">\n\t\t\t\t\t\t<div class=\"elementor-element elementor-element-4b060c1 elementor-widget elementor-widget-heading\" data-id=\"4b060c1\" data-element_type=\"widget\" data-widget_type=\"heading.default\">\n\t\t\t\t<div class=\"elementor-widget-container\">\n\t\t\t\t\t<h2 class=\"elementor-heading-title elementor-size-default\">Cookies utilis\u00e9s sur ce site<\/h2>\t\t\t\t<\/div>\n\t\t\t\t<\/div>\n\t\t\t\t\t<\/div>\n\t\t<\/div>\n\t\t\t\t\t<\/div>\n\t\t<\/section>\n\t\t\t\t<section class=\"elementor-section elementor-top-section elementor-element elementor-element-5155599 elementor-section-boxed elementor-section-height-default elementor-section-height-default\" data-id=\"5155599\" data-element_type=\"section\">\n\t\t\t\t\t\t<div class=\"elementor-container elementor-column-gap-default\">\n\t\t\t\t\t<div class=\"elementor-column elementor-col-100 elementor-top-column elementor-element elementor-element-6f900dd\" data-id=\"6f900dd\" data-element_type=\"column\">\n\t\t\t<div class=\"elementor-widget-wrap elementor-element-populated\">\n\t\t\t\t\t\t<div class=\"elementor-element elementor-element-cc27016 elementor-widget elementor-widget-html\" data-id=\"cc27016\" data-element_type=\"widget\" data-widget_type=\"html.default\">\n\t\t\t\t<div class=\"elementor-widget-container\">\n\t\t\t\t\t<div class= \"cky-audit-table-element\"><\/div>\t\t\t\t<\/div>\n\t\t\t\t<\/div>\n\t\t\t\t\t<\/div>\n\t\t<\/div>\n\t\t\t\t\t<\/div>\n\t\t<\/section>\n\t\t\t\t<\/div>","protected":false},"excerpt":{"rendered":"<p>Politique en mati\u00e8re de cookies Un cookie est un petit fichier texte qui est stock\u00e9 dans votre navigateur lorsque vous visitez presque n'importe quel site web. Son utilit\u00e9 est de permettre au site web de se souvenir de votre visite lorsque vous revenez naviguer sur cette page. Les cookies stockent g\u00e9n\u00e9ralement des informations de nature technique, des pr\u00e9f\u00e9rences personnelles, la personnalisation du contenu, ...<\/p>\n<p class=\"read-more\"> <a class=\"\" href=\"https:\/\/tecnospan.es\/fr\/politica-de-cookies\/\"> <span class=\"screen-reader-text\">Politique en mati\u00e8re de cookies<\/span> Lire la suite \"<\/a><\/p>","protected":false},"author":1,"featured_media":0,"parent":0,"menu_order":0,"comment_status":"closed","ping_status":"closed","template":"","meta":{"site-sidebar-layout":"no-sidebar","site-content-layout":"page-builder","ast-global-header-display":"","ast-banner-title-visibility":"","ast-main-header-display":"","ast-hfb-above-header-display":"","ast-hfb-below-header-display":"","ast-hfb-mobile-header-display":"","site-post-title":"disabled","ast-breadcrumbs-content":"","ast-featured-img":"disabled","footer-sml-layout":"","theme-transparent-header-meta":"","adv-header-id-meta":"","stick-header-meta":"","header-above-stick-meta":"","header-main-stick-meta":"","header-below-stick-meta":"","footnotes":""},"class_list":["post-2300","page","type-page","status-publish","hentry"],"yoast_head":"<!-- This site is optimized with the Yoast SEO plugin v26.0 - https:\/\/yoast.com\/wordpress\/plugins\/seo\/ -->\n<title>Pol\u00edtica de Cookies - Tecnospan<\/title>\n<meta name=\"robots\" content=\"index, follow, max-snippet:-1, max-image-preview:large, max-video-preview:-1\" \/>\n<link rel=\"canonical\" href=\"https:\/\/tecnospan.es\/fr\/politica-de-cookies\/\" \/>\n<meta property=\"og:locale\" content=\"fr_FR\" \/>\n<meta property=\"og:type\" content=\"article\" \/>\n<meta property=\"og:title\" content=\"Pol\u00edtica de Cookies - Tecnospan\" \/>\n<meta property=\"og:description\" content=\"Pol\u00edtica de cookies Una cookie es un peque\u00f1o fichero de texto que se almacena en su navegador cuando visita casi cualquier p\u00e1gina web. Su utilidad es que la web sea capaz de recordar su visita cuando vuelva a navegar por esa p\u00e1gina. Las cookies suelen almacenar informaci\u00f3n de car\u00e1cter t\u00e9cnico, preferencias personales, personalizaci\u00f3n de contenidos, &hellip; Pol\u00edtica de Cookies Lire la suite\u00a0\u00bb\" \/>\n<meta property=\"og:url\" content=\"https:\/\/tecnospan.es\/fr\/politica-de-cookies\/\" \/>\n<meta property=\"og:site_name\" content=\"Tecnospan\" \/>\n<meta property=\"article:modified_time\" content=\"2023-11-21T09:49:14+00:00\" \/>\n<meta name=\"twitter:card\" content=\"summary_large_image\" \/>\n<meta name=\"twitter:label1\" content=\"Dur\u00e9e de lecture estim\u00e9e\" \/>\n\t<meta name=\"twitter:data1\" content=\"7 minutes\" \/>\n<script type=\"application\/ld+json\" class=\"yoast-schema-graph\">{\"@context\":\"https:\/\/schema.org\",\"@graph\":[{\"@type\":\"WebPage\",\"@id\":\"https:\/\/tecnospan.es\/politica-de-cookies\/\",\"url\":\"https:\/\/tecnospan.es\/politica-de-cookies\/\",\"name\":\"Pol\u00edtica de Cookies - Tecnospan\",\"isPartOf\":{\"@id\":\"https:\/\/tecnospan.es\/#website\"},\"datePublished\":\"2023-11-21T09:46:54+00:00\",\"dateModified\":\"2023-11-21T09:49:14+00:00\",\"breadcrumb\":{\"@id\":\"https:\/\/tecnospan.es\/politica-de-cookies\/#breadcrumb\"},\"inLanguage\":\"fr-FR\",\"potentialAction\":[{\"@type\":\"ReadAction\",\"target\":[\"https:\/\/tecnospan.es\/politica-de-cookies\/\"]}]},{\"@type\":\"BreadcrumbList\",\"@id\":\"https:\/\/tecnospan.es\/politica-de-cookies\/#breadcrumb\",\"itemListElement\":[{\"@type\":\"ListItem\",\"position\":1,\"name\":\"Portada\",\"item\":\"https:\/\/tecnospan.es\/\"},{\"@type\":\"ListItem\",\"position\":2,\"name\":\"Pol\u00edtica de Cookies\"}]},{\"@type\":\"WebSite\",\"@id\":\"https:\/\/tecnospan.es\/#website\",\"url\":\"https:\/\/tecnospan.es\/\",\"name\":\"Tecnospan\",\"description\":\"\",\"publisher\":{\"@id\":\"https:\/\/tecnospan.es\/#organization\"},\"potentialAction\":[{\"@type\":\"SearchAction\",\"target\":{\"@type\":\"EntryPoint\",\"urlTemplate\":\"https:\/\/tecnospan.es\/?s={search_term_string}\"},\"query-input\":{\"@type\":\"PropertyValueSpecification\",\"valueRequired\":true,\"valueName\":\"search_term_string\"}}],\"inLanguage\":\"fr-FR\"},{\"@type\":\"Organization\",\"@id\":\"https:\/\/tecnospan.es\/#organization\",\"name\":\"Tecnospan\",\"url\":\"https:\/\/tecnospan.es\/\",\"logo\":{\"@type\":\"ImageObject\",\"inLanguage\":\"fr-FR\",\"@id\":\"https:\/\/tecnospan.es\/#\/schema\/logo\/image\/\",\"url\":\"https:\/\/tecnospan.es\/wp-content\/uploads\/2023\/06\/logoTecnospan.png\",\"contentUrl\":\"https:\/\/tecnospan.es\/wp-content\/uploads\/2023\/06\/logoTecnospan.png\",\"width\":300,\"height\":72,\"caption\":\"Tecnospan\"},\"image\":{\"@id\":\"https:\/\/tecnospan.es\/#\/schema\/logo\/image\/\"}}]}<\/script>\n<!-- \/ Yoast SEO plugin. -->","yoast_head_json":{"title":"Pol\u00edtica de Cookies - Tecnospan","robots":{"index":"index","follow":"follow","max-snippet":"max-snippet:-1","max-image-preview":"max-image-preview:large","max-video-preview":"max-video-preview:-1"},"canonical":"https:\/\/tecnospan.es\/fr\/politica-de-cookies\/","og_locale":"fr_FR","og_type":"article","og_title":"Pol\u00edtica de Cookies - Tecnospan","og_description":"Pol\u00edtica de cookies Una cookie es un peque\u00f1o fichero de texto que se almacena en su navegador cuando visita casi cualquier p\u00e1gina web. Su utilidad es que la web sea capaz de recordar su visita cuando vuelva a navegar por esa p\u00e1gina. Las cookies suelen almacenar informaci\u00f3n de car\u00e1cter t\u00e9cnico, preferencias personales, personalizaci\u00f3n de contenidos, &hellip; Pol\u00edtica de Cookies Lire la suite\u00a0\u00bb","og_url":"https:\/\/tecnospan.es\/fr\/politica-de-cookies\/","og_site_name":"Tecnospan","article_modified_time":"2023-11-21T09:49:14+00:00","twitter_card":"summary_large_image","twitter_misc":{"Dur\u00e9e de lecture estim\u00e9e":"7 minutes"},"schema":{"@context":"https:\/\/schema.org","@graph":[{"@type":"WebPage","@id":"https:\/\/tecnospan.es\/politica-de-cookies\/","url":"https:\/\/tecnospan.es\/politica-de-cookies\/","name":"Pol\u00edtica de Cookies - Tecnospan","isPartOf":{"@id":"https:\/\/tecnospan.es\/#website"},"datePublished":"2023-11-21T09:46:54+00:00","dateModified":"2023-11-21T09:49:14+00:00","breadcrumb":{"@id":"https:\/\/tecnospan.es\/politica-de-cookies\/#breadcrumb"},"inLanguage":"fr-FR","potentialAction":[{"@type":"ReadAction","target":["https:\/\/tecnospan.es\/politica-de-cookies\/"]}]},{"@type":"BreadcrumbList","@id":"https:\/\/tecnospan.es\/politica-de-cookies\/#breadcrumb","itemListElement":[{"@type":"ListItem","position":1,"name":"Portada","item":"https:\/\/tecnospan.es\/"},{"@type":"ListItem","position":2,"name":"Pol\u00edtica de Cookies"}]},{"@type":"WebSite","@id":"https:\/\/tecnospan.es\/#website","url":"https:\/\/tecnospan.es\/","name":"Tecnospan","description":"","publisher":{"@id":"https:\/\/tecnospan.es\/#organization"},"potentialAction":[{"@type":"SearchAction","target":{"@type":"EntryPoint","urlTemplate":"https:\/\/tecnospan.es\/?s={search_term_string}"},"query-input":{"@type":"PropertyValueSpecification","valueRequired":true,"valueName":"search_term_string"}}],"inLanguage":"fr-FR"},{"@type":"Organization","@id":"https:\/\/tecnospan.es\/#organization","name":"Tecnospan","url":"https:\/\/tecnospan.es\/","logo":{"@type":"ImageObject","inLanguage":"fr-FR","@id":"https:\/\/tecnospan.es\/#\/schema\/logo\/image\/","url":"https:\/\/tecnospan.es\/wp-content\/uploads\/2023\/06\/logoTecnospan.png","contentUrl":"https:\/\/tecnospan.es\/wp-content\/uploads\/2023\/06\/logoTecnospan.png","width":300,"height":72,"caption":"Tecnospan"},"image":{"@id":"https:\/\/tecnospan.es\/#\/schema\/logo\/image\/"}}]}},"_links":{"self":[{"href":"https:\/\/tecnospan.es\/fr\/wp-json\/wp\/v2\/pages\/2300","targetHints":{"allow":["GET"]}}],"collection":[{"href":"https:\/\/tecnospan.es\/fr\/wp-json\/wp\/v2\/pages"}],"about":[{"href":"https:\/\/tecnospan.es\/fr\/wp-json\/wp\/v2\/types\/page"}],"author":[{"embeddable":true,"href":"https:\/\/tecnospan.es\/fr\/wp-json\/wp\/v2\/users\/1"}],"replies":[{"embeddable":true,"href":"https:\/\/tecnospan.es\/fr\/wp-json\/wp\/v2\/comments?post=2300"}],"version-history":[{"count":0,"href":"https:\/\/tecnospan.es\/fr\/wp-json\/wp\/v2\/pages\/2300\/revisions"}],"wp:attachment":[{"href":"https:\/\/tecnospan.es\/fr\/wp-json\/wp\/v2\/media?parent=2300"}],"curies":[{"name":"wp","href":"https:\/\/api.w.org\/{rel}","templated":true}]}}