{"id":765,"date":"2023-10-24T18:15:31","date_gmt":"2023-10-24T18:15:31","guid":{"rendered":"https:\/\/tecnospan.es\/?page_id=765"},"modified":"2024-05-30T09:38:26","modified_gmt":"2024-05-30T09:38:26","slug":"impresora","status":"publish","type":"page","link":"https:\/\/tecnospan.es\/fr\/impresora\/","title":{"rendered":"IMPRIMEUSE"},"content":{"rendered":"<div data-elementor-type=\"wp-page\" data-elementor-id=\"765\" class=\"elementor elementor-765\" data-elementor-post-type=\"page\">\n\t\t\t\t\t\t<section class=\"elementor-section elementor-top-section elementor-element elementor-element-502f63df elementor-section-full_width elementor-section-height-default elementor-section-height-default\" data-id=\"502f63df\" data-element_type=\"section\" data-settings=\"{&quot;background_background&quot;:&quot;classic&quot;}\">\n\t\t\t\t\t\t<div class=\"elementor-container elementor-column-gap-default\">\n\t\t\t\t\t<div class=\"elementor-column elementor-col-100 elementor-top-column elementor-element elementor-element-6e0d2592\" data-id=\"6e0d2592\" data-element_type=\"column\">\n\t\t\t<div class=\"elementor-widget-wrap elementor-element-populated\">\n\t\t\t\t\t\t<section class=\"elementor-section elementor-inner-section elementor-element elementor-element-4662b102 elementor-section-boxed elementor-section-height-default elementor-section-height-default\" data-id=\"4662b102\" data-element_type=\"section\" data-settings=\"{&quot;background_background&quot;:&quot;classic&quot;}\">\n\t\t\t\t\t\t\t<div class=\"elementor-background-overlay\"><\/div>\n\t\t\t\t\t\t\t<div class=\"elementor-container elementor-column-gap-default\">\n\t\t\t\t\t<div class=\"elementor-column elementor-col-100 elementor-inner-column elementor-element elementor-element-2de27557\" data-id=\"2de27557\" data-element_type=\"column\">\n\t\t\t<div class=\"elementor-widget-wrap elementor-element-populated\">\n\t\t\t\t\t\t<div class=\"elementor-element elementor-element-7e7a3bba elementor-invisible elementor-widget elementor-widget-heading\" data-id=\"7e7a3bba\" data-element_type=\"widget\" data-settings=\"{&quot;_animation&quot;:&quot;fadeInUp&quot;}\" data-widget_type=\"heading.default\">\n\t\t\t\t<div class=\"elementor-widget-container\">\n\t\t\t\t\t<h1 class=\"elementor-heading-title elementor-size-default\">IMPRIMEUSE<\/h1>\t\t\t\t<\/div>\n\t\t\t\t<\/div>\n\t\t\t\t\t<\/div>\n\t\t<\/div>\n\t\t\t\t\t<\/div>\n\t\t<\/section>\n\t\t\t\t\t<\/div>\n\t\t<\/div>\n\t\t\t\t\t<\/div>\n\t\t<\/section>\n\t\t\t\t<section class=\"elementor-section elementor-top-section elementor-element elementor-element-22ce249d elementor-section-boxed elementor-section-height-default elementor-section-height-default\" data-id=\"22ce249d\" data-element_type=\"section\">\n\t\t\t\t\t\t<div class=\"elementor-container elementor-column-gap-default\">\n\t\t\t\t\t<div class=\"elementor-column elementor-col-50 elementor-top-column elementor-element elementor-element-1bef4d11\" data-id=\"1bef4d11\" data-element_type=\"column\">\n\t\t\t<div class=\"elementor-widget-wrap elementor-element-populated\">\n\t\t\t\t\t\t<div class=\"elementor-element elementor-element-79753274 elementor-widget elementor-widget-heading\" data-id=\"79753274\" data-element_type=\"widget\" data-widget_type=\"heading.default\">\n\t\t\t\t<div class=\"elementor-widget-container\">\n\t\t\t\t\t<h3 class=\"elementor-heading-title elementor-size-default\">Description du produit<\/h3>\t\t\t\t<\/div>\n\t\t\t\t<\/div>\n\t\t\t\t<div class=\"elementor-element elementor-element-2a9f43a2 elementor-widget elementor-widget-text-editor\" data-id=\"2a9f43a2\" data-element_type=\"widget\" data-widget_type=\"text-editor.default\">\n\t\t\t\t<div class=\"elementor-widget-container\">\n\t\t\t\t\t\t\t\t\t<p>L'imprimeuse <strong>TECNOSPAN<\/strong> est l'application id\u00e9ale pour le marquage r\u00e9glementaire des fabrications pr\u00e9contraintes de mani\u00e8re rapide, propre et efficace.<\/p><p>Cette application de haute technologie et enti\u00e8rement informatis\u00e9e permet, gr\u00e2ce \u00e0 sa programmation simple et flexible, de marquer correctement les produits et de les commercialiser avec une valeur esth\u00e9tique ajout\u00e9e, ce qui am\u00e9liore consid\u00e9rablement l'image du fabricant.<\/p>\t\t\t\t\t\t\t\t<\/div>\n\t\t\t\t<\/div>\n\t\t\t\t<div class=\"elementor-element elementor-element-fc82079 elementor-widget elementor-widget-video\" data-id=\"fc82079\" data-element_type=\"widget\" data-settings=\"{&quot;youtube_url&quot;:&quot;https:\\\/\\\/www.youtube.com\\\/watch?v=8eV66Wd3Y5w&quot;,&quot;show_image_overlay&quot;:&quot;yes&quot;,&quot;image_overlay&quot;:{&quot;url&quot;:&quot;http:\\\/\\\/tecnospan.es\\\/wp-content\\\/uploads\\\/2023\\\/11\\\/IMPRESORA-1.jpg&quot;,&quot;id&quot;:1576,&quot;size&quot;:&quot;&quot;,&quot;alt&quot;:&quot;&quot;,&quot;source&quot;:&quot;library&quot;},&quot;video_type&quot;:&quot;youtube&quot;,&quot;controls&quot;:&quot;yes&quot;}\" data-widget_type=\"video.default\">\n\t\t\t\t<div class=\"elementor-widget-container\">\n\t\t\t\t\t\t\t<div class=\"elementor-wrapper elementor-open-inline\">\n\t\t\t<div class=\"elementor-video\"><\/div>\t\t\t\t<div class=\"elementor-custom-embed-image-overlay\" style=\"background-image: url(https:\/\/tecnospan.es\/wp-content\/uploads\/2023\/11\/IMPRESORA-1.jpg);\">\n\t\t\t\t\t\t\t\t\t\t\t\t\t\t\t\t<div class=\"elementor-custom-embed-play\" role=\"button\" aria-label=\"Lire la vid\u00e9o\" tabindex=\"0\">\n\t\t\t\t\t\t\t<i aria-hidden=\"true\" class=\"eicon-play\"><\/i>\t\t\t\t\t\t<\/div>\n\t\t\t\t\t\t\t\t\t<\/div>\n\t\t\t\t\t<\/div>\n\t\t\t\t\t\t<\/div>\n\t\t\t\t<\/div>\n\t\t\t\t<div class=\"elementor-element elementor-element-908d377 elementor-widget elementor-widget-gallery\" data-id=\"908d377\" data-element_type=\"widget\" data-settings=\"{&quot;aspect_ratio&quot;:&quot;1:1&quot;,&quot;lazyload&quot;:&quot;yes&quot;,&quot;gallery_layout&quot;:&quot;grid&quot;,&quot;columns&quot;:4,&quot;columns_tablet&quot;:2,&quot;columns_mobile&quot;:1,&quot;gap&quot;:{&quot;unit&quot;:&quot;px&quot;,&quot;size&quot;:10,&quot;sizes&quot;:[]},&quot;gap_tablet&quot;:{&quot;unit&quot;:&quot;px&quot;,&quot;size&quot;:10,&quot;sizes&quot;:[]},&quot;gap_mobile&quot;:{&quot;unit&quot;:&quot;px&quot;,&quot;size&quot;:10,&quot;sizes&quot;:[]},&quot;link_to&quot;:&quot;file&quot;,&quot;overlay_background&quot;:&quot;yes&quot;,&quot;content_hover_animation&quot;:&quot;fade-in&quot;}\" data-widget_type=\"gallery.default\">\n\t\t\t\t<div class=\"elementor-widget-container\">\n\t\t\t\t\t\t\t<div class=\"elementor-gallery__container\">\n\t\t\t\t\t\t\t<a class=\"e-gallery-item elementor-gallery-item elementor-animated-content\" href=\"https:\/\/tecnospan.es\/wp-content\/uploads\/2023\/10\/IMG_7354_1.jpg\" data-elementor-open-lightbox=\"yes\" data-elementor-lightbox-slideshow=\"908d377\" data-elementor-lightbox-title=\"IMPRESORA TECNOSPAN\" data-e-action-hash=\"#elementor-action%3Aaction%3Dlightbox%26settings%3DeyJpZCI6NTQ4LCJ1cmwiOiJodHRwczpcL1wvdGVjbm9zcGFuLmVzXC93cC1jb250ZW50XC91cGxvYWRzXC8yMDIzXC8xMFwvSU1HXzczNTRfMS5qcGciLCJzbGlkZXNob3ciOiI5MDhkMzc3In0%3D\">\n\t\t\t\t\t<div class=\"e-gallery-image elementor-gallery-item__image\" data-thumbnail=\"https:\/\/tecnospan.es\/wp-content\/uploads\/2023\/10\/IMG_7354_1-1024x939.jpg\" data-width=\"1024\" data-height=\"939\" aria-label=\"\" role=\"img\" ><\/div>\n\t\t\t\t\t\t\t\t\t\t\t<div class=\"elementor-gallery-item__overlay\"><\/div>\n\t\t\t\t\t\t\t\t\t\t\t\t\t\t<\/a>\n\t\t\t\t\t\t\t<a class=\"e-gallery-item elementor-gallery-item elementor-animated-content\" href=\"https:\/\/tecnospan.es\/wp-content\/uploads\/2023\/10\/P4290017-scaled.jpg\" data-elementor-open-lightbox=\"yes\" data-elementor-lightbox-slideshow=\"908d377\" data-elementor-lightbox-title=\"OLYMPUS DIGITAL CAMERA\" data-e-action-hash=\"#elementor-action%3Aaction%3Dlightbox%26settings%3DeyJpZCI6NTQ5LCJ1cmwiOiJodHRwczpcL1wvdGVjbm9zcGFuLmVzXC93cC1jb250ZW50XC91cGxvYWRzXC8yMDIzXC8xMFwvUDQyOTAwMTctc2NhbGVkLmpwZyIsInNsaWRlc2hvdyI6IjkwOGQzNzcifQ%3D%3D\">\n\t\t\t\t\t<div class=\"e-gallery-image elementor-gallery-item__image\" data-thumbnail=\"https:\/\/tecnospan.es\/wp-content\/uploads\/2023\/10\/P4290017-1024x768.jpg\" data-width=\"1024\" data-height=\"768\" aria-label=\"\" role=\"img\" ><\/div>\n\t\t\t\t\t\t\t\t\t\t\t<div class=\"elementor-gallery-item__overlay\"><\/div>\n\t\t\t\t\t\t\t\t\t\t\t\t\t\t<\/a>\n\t\t\t\t\t\t\t<a class=\"e-gallery-item elementor-gallery-item elementor-animated-content\" href=\"https:\/\/tecnospan.es\/wp-content\/uploads\/2023\/11\/IMG_5376-scaled.jpg\" data-elementor-open-lightbox=\"yes\" data-elementor-lightbox-slideshow=\"908d377\" data-elementor-lightbox-title=\"IMG_5376\" data-e-action-hash=\"#elementor-action%3Aaction%3Dlightbox%26settings%3DeyJpZCI6OTIwLCJ1cmwiOiJodHRwczpcL1wvdGVjbm9zcGFuLmVzXC93cC1jb250ZW50XC91cGxvYWRzXC8yMDIzXC8xMVwvSU1HXzUzNzYtc2NhbGVkLmpwZyIsInNsaWRlc2hvdyI6IjkwOGQzNzcifQ%3D%3D\">\n\t\t\t\t\t<div class=\"e-gallery-image elementor-gallery-item__image\" data-thumbnail=\"https:\/\/tecnospan.es\/wp-content\/uploads\/2023\/11\/IMG_5376-1024x768.jpg\" data-width=\"1024\" data-height=\"768\" aria-label=\"\" role=\"img\" ><\/div>\n\t\t\t\t\t\t\t\t\t\t\t<div class=\"elementor-gallery-item__overlay\"><\/div>\n\t\t\t\t\t\t\t\t\t\t\t\t\t\t<\/a>\n\t\t\t\t\t\t\t<a class=\"e-gallery-item elementor-gallery-item elementor-animated-content\" href=\"https:\/\/tecnospan.es\/wp-content\/uploads\/2023\/11\/WhatsApp-Image-2023-11-17-at-13.06.11.jpeg\" data-elementor-open-lightbox=\"yes\" data-elementor-lightbox-slideshow=\"908d377\" data-elementor-lightbox-title=\"WhatsApp Image 2023-11-17 at 13.06.11\" data-e-action-hash=\"#elementor-action%3Aaction%3Dlightbox%26settings%3DeyJpZCI6MTgxNiwidXJsIjoiaHR0cHM6XC9cL3RlY25vc3Bhbi5lc1wvd3AtY29udGVudFwvdXBsb2Fkc1wvMjAyM1wvMTFcL1doYXRzQXBwLUltYWdlLTIwMjMtMTEtMTctYXQtMTMuMDYuMTEuanBlZyIsInNsaWRlc2hvdyI6IjkwOGQzNzcifQ%3D%3D\">\n\t\t\t\t\t<div class=\"e-gallery-image elementor-gallery-item__image\" data-thumbnail=\"https:\/\/tecnospan.es\/wp-content\/uploads\/2023\/11\/WhatsApp-Image-2023-11-17-at-13.06.11-1024x768.jpeg\" data-width=\"1024\" data-height=\"768\" aria-label=\"\" role=\"img\" ><\/div>\n\t\t\t\t\t\t\t\t\t\t\t<div class=\"elementor-gallery-item__overlay\"><\/div>\n\t\t\t\t\t\t\t\t\t\t\t\t\t\t<\/a>\n\t\t\t\t\t<\/div>\n\t\t\t\t\t<\/div>\n\t\t\t\t<\/div>\n\t\t\t\t\t<\/div>\n\t\t<\/div>\n\t\t\t\t<div class=\"elementor-column elementor-col-50 elementor-top-column elementor-element elementor-element-214015\" data-id=\"214015\" data-element_type=\"column\">\n\t\t\t<div class=\"elementor-widget-wrap elementor-element-populated\">\n\t\t\t\t\t\t<section class=\"elementor-section elementor-inner-section elementor-element elementor-element-6e0110f8 elementor-section-boxed elementor-section-height-default elementor-section-height-default\" data-id=\"6e0110f8\" data-element_type=\"section\" data-settings=\"{&quot;background_background&quot;:&quot;classic&quot;}\">\n\t\t\t\t\t\t<div class=\"elementor-container elementor-column-gap-default\">\n\t\t\t\t\t<div class=\"elementor-column elementor-col-100 elementor-inner-column elementor-element elementor-element-51ff621e\" data-id=\"51ff621e\" data-element_type=\"column\">\n\t\t\t<div class=\"elementor-widget-wrap elementor-element-populated\">\n\t\t\t\t\t\t<div class=\"elementor-element elementor-element-7a3858d elementor-widget elementor-widget-heading\" data-id=\"7a3858d\" data-element_type=\"widget\" data-widget_type=\"heading.default\">\n\t\t\t\t<div class=\"elementor-widget-container\">\n\t\t\t\t\t<h3 class=\"elementor-heading-title elementor-size-default\">J'ai besoin de plus d'informations<\/h3>\t\t\t\t<\/div>\n\t\t\t\t<\/div>\n\t\t\t\t<div class=\"elementor-element elementor-element-75e2507c elementor-widget elementor-widget-heading\" data-id=\"75e2507c\" data-element_type=\"widget\" data-widget_type=\"heading.default\">\n\t\t\t\t<div class=\"elementor-widget-container\">\n\t\t\t\t\t<div class=\"elementor-heading-title elementor-size-default\">Vous pouvez demander plus d'informations sur nos machines en remplissant le formulaire suivant<\/div>\t\t\t\t<\/div>\n\t\t\t\t<\/div>\n\t\t\t\t<div class=\"elementor-element elementor-element-d6c4da0 elementor-widget elementor-widget-htcontactform-addons\" data-id=\"d6c4da0\" data-element_type=\"widget\" data-widget_type=\"htcontactform-addons.default\">\n\t\t\t\t<div class=\"elementor-widget-container\">\n\t\t\t\t\t            <div class=\"htcontact-form-wrapper\" >\n                \n<div class=\"wpcf7 no-js\" id=\"wpcf7-f2730-o1\" lang=\"es-ES\" dir=\"ltr\" data-wpcf7-id=\"2730\">\n<div class=\"screen-reader-response\"><p role=\"status\" aria-live=\"polite\" aria-atomic=\"true\"><\/p> <ul><\/ul><\/div>\n<form action=\"\/fr\/wp-json\/wp\/v2\/pages\/765#wpcf7-f2730-o1\" method=\"post\" class=\"wpcf7-form init\" aria-label=\"Formulaire de contact\" novalidate=\"novalidate\" data-status=\"init\" data-trp-original-action=\"\/fr\/wp-json\/wp\/v2\/pages\/765#wpcf7-f2730-o1\">\n<fieldset class=\"hidden-fields-container\"><input type=\"hidden\" name=\"_wpcf7\" value=\"2730\" \/><input type=\"hidden\" name=\"_wpcf7_version\" value=\"6.1.1\" \/><input type=\"hidden\" name=\"_wpcf7_locale\" value=\"es_ES\" \/><input type=\"hidden\" name=\"_wpcf7_unit_tag\" value=\"wpcf7-f2730-o1\" \/><input type=\"hidden\" name=\"_wpcf7_container_post\" value=\"0\" \/><input type=\"hidden\" name=\"_wpcf7_posted_data_hash\" value=\"\" \/><input type=\"hidden\" name=\"_wpcf7_recaptcha_response\" value=\"\" \/>\n<\/fieldset>\n<p><label> Nom\/Soci\u00e9t\u00e9<br \/>\n<span class=\"wpcf7-form-control-wrap\" data-name=\"your-name\"><input size=\"40\" maxlength=\"400\" class=\"wpcf7-form-control wpcf7-text wpcf7-validates-as-required\" autocomplete=\"name\" aria-required=\"true\" aria-invalid=\"false\" value=\"\" type=\"text\" name=\"your-name\" \/><\/span> <\/label>\n<\/p>\n<p><label> T\u00e9l\u00e9phone<br \/>\n<span class=\"wpcf7-form-control-wrap\" data-name=\"tel-31\"><input size=\"40\" maxlength=\"400\" class=\"wpcf7-form-control wpcf7-tel wpcf7-text wpcf7-validates-as-tel\" aria-invalid=\"false\" value=\"\" type=\"tel\" name=\"tel-31\" \/><\/span> <\/label>\n<\/p>\n<p><label> Adresse \u00e9lectronique<br \/>\n<span class=\"wpcf7-form-control-wrap\" data-name=\"your-email\"><input size=\"40\" maxlength=\"400\" class=\"wpcf7-form-control wpcf7-email wpcf7-validates-as-required wpcf7-text wpcf7-validates-as-email\" autocomplete=\"email\" aria-required=\"true\" aria-invalid=\"false\" value=\"\" type=\"email\" name=\"your-email\" \/><\/span> <\/label>\n<\/p>\n<p><label> Commentaires<br \/>\n<span class=\"wpcf7-form-control-wrap\" data-name=\"your-message\"><textarea cols=\"40\" rows=\"10\" maxlength=\"2000\" class=\"wpcf7-form-control wpcf7-textarea\" aria-invalid=\"false\" name=\"your-message\"><\/textarea><\/span> <\/label>\n<\/p>\n<span class=\"wpcf7-form-control-wrap recaptcha\" data-name=\"recaptcha\"><span data-sitekey=\"6LdXuPopAAAAAMIR_ZsdFMmYIZBx96_cUi_vfIHb\" class=\"wpcf7-form-control wpcf7-recaptcha g-recaptcha\"><\/span>\r\n<noscript>\r\n\t<div class=\"grecaptcha-noscript\">\r\n\t\t<iframe src=\"https:\/\/www.google.com\/recaptcha\/api\/fallback?k=6LdXuPopAAAAAMIR_ZsdFMmYIZBx96_cUi_vfIHb\" frameborder=\"0\" scrolling=\"no\" width=\"310\" height=\"430\">\r\n\t\t<\/iframe>\r\n\t\t<textarea name=\"g-recaptcha-response\" rows=\"3\" cols=\"40\" placeholder=\"Voici la r\u00e9ponse de reCAPTCHA\">\r\n\t\t<\/textarea>\r\n\t<\/div>\r\n<\/noscript>\r\n<\/span>\n<p><br \/>\n<span class=\"wpcf7-form-control-wrap\" data-name=\"acceptance-166\"><span class=\"wpcf7-form-control wpcf7-acceptance\"><span class=\"wpcf7-list-item\"><label><input type=\"checkbox\" name=\"acceptance-166\" value=\"1\" aria-invalid=\"false\" \/><span class=\"wpcf7-list-item-label\">J'accepte la <a href=\"https:\/\/tecnospan.es\/fr\/politica-de-privacidad\/\" rel=\"nofollow\" target=\"_blank\"> politique de confidentialit\u00e9<\/a>.<\/span><\/label><\/span><\/span><\/span>\n<\/p>\n<p><input class=\"wpcf7-form-control wpcf7-submit has-spinner\" type=\"submit\" value=\"Envoyer\" \/>\n<\/p><div class=\"wpcf7-response-output\" aria-hidden=\"true\"><\/div>\n<input type=\"hidden\" name=\"trp-form-language\" value=\"fr\"\/><\/form>\n<\/div>\n            <\/div>\n\n        \t\t\t\t<\/div>\n\t\t\t\t<\/div>\n\t\t\t\t\t<\/div>\n\t\t<\/div>\n\t\t\t\t\t<\/div>\n\t\t<\/section>\n\t\t\t\t\t<\/div>\n\t\t<\/div>\n\t\t\t\t\t<\/div>\n\t\t<\/section>\n\t\t\t\t<section class=\"elementor-section elementor-top-section elementor-element elementor-element-2d09e34 elementor-section-boxed elementor-section-height-default elementor-section-height-default\" data-id=\"2d09e34\" data-element_type=\"section\">\n\t\t\t\t\t\t<div class=\"elementor-container elementor-column-gap-default\">\n\t\t\t\t\t<div class=\"elementor-column elementor-col-100 elementor-top-column elementor-element elementor-element-223e75f\" data-id=\"223e75f\" data-element_type=\"column\">\n\t\t\t<div class=\"elementor-widget-wrap elementor-element-populated\">\n\t\t\t\t\t\t<div class=\"elementor-element elementor-element-2327165 elementor-widget elementor-widget-heading\" data-id=\"2327165\" data-element_type=\"widget\" data-widget_type=\"heading.default\">\n\t\t\t\t<div class=\"elementor-widget-container\">\n\t\t\t\t\t<h3 class=\"elementor-heading-title elementor-size-default\">D\u00e9couvrez toutes nos machines \u00e0 b\u00e9ton pr\u00e9contraint<\/h3>\t\t\t\t<\/div>\n\t\t\t\t<\/div>\n\t\t\t\t<div class=\"elementor-element elementor-element-7b10a2f elementor-align-center elementor-widget elementor-widget-button\" data-id=\"7b10a2f\" data-element_type=\"widget\" data-widget_type=\"button.default\">\n\t\t\t\t<div class=\"elementor-widget-container\">\n\t\t\t\t\t\t\t\t\t<div class=\"elementor-button-wrapper\">\n\t\t\t\t\t<a class=\"elementor-button elementor-button-link elementor-size-lg\" href=\"https:\/\/tecnospan.es\/fr\/maquinaria-para-hormigon-pretensado\/\">\n\t\t\t\t\t\t<span class=\"elementor-button-content-wrapper\">\n\t\t\t\t\t\t\t\t\t<span class=\"elementor-button-text\">MACHINE<\/span>\n\t\t\t\t\t<\/span>\n\t\t\t\t\t<\/a>\n\t\t\t\t<\/div>\n\t\t\t\t\t\t\t\t<\/div>\n\t\t\t\t<\/div>\n\t\t\t\t\t<\/div>\n\t\t<\/div>\n\t\t\t\t\t<\/div>\n\t\t<\/section>\n\t\t\t\t<section class=\"elementor-section elementor-top-section elementor-element elementor-element-6aa49d0 elementor-section-boxed elementor-section-height-default elementor-section-height-default\" data-id=\"6aa49d0\" data-element_type=\"section\">\n\t\t\t\t\t\t<div class=\"elementor-container elementor-column-gap-default\">\n\t\t\t\t\t<div class=\"elementor-column elementor-col-100 elementor-top-column elementor-element elementor-element-d7861b5\" data-id=\"d7861b5\" data-element_type=\"column\">\n\t\t\t<div class=\"elementor-widget-wrap elementor-element-populated\">\n\t\t\t\t\t\t<div class=\"elementor-element elementor-element-5a89a47 elementor-widget elementor-widget-spacer\" data-id=\"5a89a47\" data-element_type=\"widget\" data-widget_type=\"spacer.default\">\n\t\t\t\t<div class=\"elementor-widget-container\">\n\t\t\t\t\t\t\t<div class=\"elementor-spacer\">\n\t\t\t<div class=\"elementor-spacer-inner\"><\/div>\n\t\t<\/div>\n\t\t\t\t\t\t<\/div>\n\t\t\t\t<\/div>\n\t\t\t\t\t<\/div>\n\t\t<\/div>\n\t\t\t\t\t<\/div>\n\t\t<\/section>\n\t\t\t\t<\/div>","protected":false},"excerpt":{"rendered":"<p>IMPRIMANTE Description du produit L'imprimante TECNOSPAN est l'application id\u00e9ale pour marquer les produits pr\u00e9contraints de mani\u00e8re rapide, propre et efficace. Cette application de haute technologie et enti\u00e8rement informatis\u00e9e permet, gr\u00e2ce \u00e0 sa programmation simple et flexible, de marquer correctement les produits et de les commercialiser avec une valeur esth\u00e9tique ajout\u00e9e, ...<\/p>\n<p class=\"read-more\"> <a class=\"\" href=\"https:\/\/tecnospan.es\/fr\/impresora\/\"> <span class=\"screen-reader-text\">IMPRIMEUSE<\/span> Lire la suite \"<\/a><\/p>","protected":false},"author":1,"featured_media":0,"parent":0,"menu_order":0,"comment_status":"closed","ping_status":"closed","template":"","meta":{"site-sidebar-layout":"no-sidebar","site-content-layout":"page-builder","ast-global-header-display":"","ast-banner-title-visibility":"","ast-main-header-display":"","ast-hfb-above-header-display":"","ast-hfb-below-header-display":"","ast-hfb-mobile-header-display":"","site-post-title":"disabled","ast-breadcrumbs-content":"","ast-featured-img":"disabled","footer-sml-layout":"","theme-transparent-header-meta":"","adv-header-id-meta":"","stick-header-meta":"","header-above-stick-meta":"","header-main-stick-meta":"","header-below-stick-meta":"","footnotes":""},"class_list":["post-765","page","type-page","status-publish","hentry"],"yoast_head":"<!-- This site is optimized with the Yoast SEO plugin v26.0 - https:\/\/yoast.com\/wordpress\/plugins\/seo\/ -->\n<title>IMPRESORA - Tecnospan<\/title>\n<meta name=\"robots\" content=\"index, follow, max-snippet:-1, max-image-preview:large, max-video-preview:-1\" \/>\n<link rel=\"canonical\" href=\"https:\/\/tecnospan.es\/fr\/impresora\/\" \/>\n<meta property=\"og:locale\" content=\"fr_FR\" \/>\n<meta property=\"og:type\" content=\"article\" \/>\n<meta property=\"og:title\" content=\"IMPRESORA - Tecnospan\" \/>\n<meta property=\"og:description\" content=\"IMPRESORA Descripci\u00f3n del producto La Impresora TECNOSPAN es la aplicaci\u00f3n id\u00f3nea para el marcado normativo de la fabricaci\u00f3n de pretensados de una forma r\u00e1pida, limpia y eficaz. Esta aplicaci\u00f3n dotada de alta tecnolog\u00eda y totalmente informatizada permite, gracias a su sencilla y flexible programaci\u00f3n, marcar correctamente los productos y comercializarlos con un valor est\u00e9tico a\u00f1adido, &hellip; IMPRESORA Lire la suite\u00a0\u00bb\" \/>\n<meta property=\"og:url\" content=\"https:\/\/tecnospan.es\/fr\/impresora\/\" \/>\n<meta property=\"og:site_name\" content=\"Tecnospan\" \/>\n<meta property=\"article:modified_time\" content=\"2024-05-30T09:38:26+00:00\" \/>\n<meta name=\"twitter:card\" content=\"summary_large_image\" \/>\n<meta name=\"twitter:label1\" content=\"Dur\u00e9e de lecture estim\u00e9e\" \/>\n\t<meta name=\"twitter:data1\" content=\"1 minute\" \/>\n<script type=\"application\/ld+json\" class=\"yoast-schema-graph\">{\"@context\":\"https:\/\/schema.org\",\"@graph\":[{\"@type\":\"WebPage\",\"@id\":\"https:\/\/tecnospan.es\/impresora\/\",\"url\":\"https:\/\/tecnospan.es\/impresora\/\",\"name\":\"IMPRESORA - Tecnospan\",\"isPartOf\":{\"@id\":\"https:\/\/tecnospan.es\/#website\"},\"datePublished\":\"2023-10-24T18:15:31+00:00\",\"dateModified\":\"2024-05-30T09:38:26+00:00\",\"breadcrumb\":{\"@id\":\"https:\/\/tecnospan.es\/impresora\/#breadcrumb\"},\"inLanguage\":\"fr-FR\",\"potentialAction\":[{\"@type\":\"ReadAction\",\"target\":[\"https:\/\/tecnospan.es\/impresora\/\"]}]},{\"@type\":\"BreadcrumbList\",\"@id\":\"https:\/\/tecnospan.es\/impresora\/#breadcrumb\",\"itemListElement\":[{\"@type\":\"ListItem\",\"position\":1,\"name\":\"Portada\",\"item\":\"https:\/\/tecnospan.es\/\"},{\"@type\":\"ListItem\",\"position\":2,\"name\":\"IMPRESORA\"}]},{\"@type\":\"WebSite\",\"@id\":\"https:\/\/tecnospan.es\/#website\",\"url\":\"https:\/\/tecnospan.es\/\",\"name\":\"Tecnospan\",\"description\":\"\",\"publisher\":{\"@id\":\"https:\/\/tecnospan.es\/#organization\"},\"potentialAction\":[{\"@type\":\"SearchAction\",\"target\":{\"@type\":\"EntryPoint\",\"urlTemplate\":\"https:\/\/tecnospan.es\/?s={search_term_string}\"},\"query-input\":{\"@type\":\"PropertyValueSpecification\",\"valueRequired\":true,\"valueName\":\"search_term_string\"}}],\"inLanguage\":\"fr-FR\"},{\"@type\":\"Organization\",\"@id\":\"https:\/\/tecnospan.es\/#organization\",\"name\":\"Tecnospan\",\"url\":\"https:\/\/tecnospan.es\/\",\"logo\":{\"@type\":\"ImageObject\",\"inLanguage\":\"fr-FR\",\"@id\":\"https:\/\/tecnospan.es\/#\/schema\/logo\/image\/\",\"url\":\"https:\/\/tecnospan.es\/wp-content\/uploads\/2023\/06\/logoTecnospan.png\",\"contentUrl\":\"https:\/\/tecnospan.es\/wp-content\/uploads\/2023\/06\/logoTecnospan.png\",\"width\":300,\"height\":72,\"caption\":\"Tecnospan\"},\"image\":{\"@id\":\"https:\/\/tecnospan.es\/#\/schema\/logo\/image\/\"}}]}<\/script>\n<!-- \/ Yoast SEO plugin. -->","yoast_head_json":{"title":"IMPRESORA - Tecnospan","robots":{"index":"index","follow":"follow","max-snippet":"max-snippet:-1","max-image-preview":"max-image-preview:large","max-video-preview":"max-video-preview:-1"},"canonical":"https:\/\/tecnospan.es\/fr\/impresora\/","og_locale":"fr_FR","og_type":"article","og_title":"IMPRESORA - Tecnospan","og_description":"IMPRESORA Descripci\u00f3n del producto La Impresora TECNOSPAN es la aplicaci\u00f3n id\u00f3nea para el marcado normativo de la fabricaci\u00f3n de pretensados de una forma r\u00e1pida, limpia y eficaz. Esta aplicaci\u00f3n dotada de alta tecnolog\u00eda y totalmente informatizada permite, gracias a su sencilla y flexible programaci\u00f3n, marcar correctamente los productos y comercializarlos con un valor est\u00e9tico a\u00f1adido, &hellip; IMPRESORA Lire la suite\u00a0\u00bb","og_url":"https:\/\/tecnospan.es\/fr\/impresora\/","og_site_name":"Tecnospan","article_modified_time":"2024-05-30T09:38:26+00:00","twitter_card":"summary_large_image","twitter_misc":{"Dur\u00e9e de lecture estim\u00e9e":"1 minute"},"schema":{"@context":"https:\/\/schema.org","@graph":[{"@type":"WebPage","@id":"https:\/\/tecnospan.es\/impresora\/","url":"https:\/\/tecnospan.es\/impresora\/","name":"IMPRESORA - Tecnospan","isPartOf":{"@id":"https:\/\/tecnospan.es\/#website"},"datePublished":"2023-10-24T18:15:31+00:00","dateModified":"2024-05-30T09:38:26+00:00","breadcrumb":{"@id":"https:\/\/tecnospan.es\/impresora\/#breadcrumb"},"inLanguage":"fr-FR","potentialAction":[{"@type":"ReadAction","target":["https:\/\/tecnospan.es\/impresora\/"]}]},{"@type":"BreadcrumbList","@id":"https:\/\/tecnospan.es\/impresora\/#breadcrumb","itemListElement":[{"@type":"ListItem","position":1,"name":"Portada","item":"https:\/\/tecnospan.es\/"},{"@type":"ListItem","position":2,"name":"IMPRESORA"}]},{"@type":"WebSite","@id":"https:\/\/tecnospan.es\/#website","url":"https:\/\/tecnospan.es\/","name":"Tecnospan","description":"","publisher":{"@id":"https:\/\/tecnospan.es\/#organization"},"potentialAction":[{"@type":"SearchAction","target":{"@type":"EntryPoint","urlTemplate":"https:\/\/tecnospan.es\/?s={search_term_string}"},"query-input":{"@type":"PropertyValueSpecification","valueRequired":true,"valueName":"search_term_string"}}],"inLanguage":"fr-FR"},{"@type":"Organization","@id":"https:\/\/tecnospan.es\/#organization","name":"Tecnospan","url":"https:\/\/tecnospan.es\/","logo":{"@type":"ImageObject","inLanguage":"fr-FR","@id":"https:\/\/tecnospan.es\/#\/schema\/logo\/image\/","url":"https:\/\/tecnospan.es\/wp-content\/uploads\/2023\/06\/logoTecnospan.png","contentUrl":"https:\/\/tecnospan.es\/wp-content\/uploads\/2023\/06\/logoTecnospan.png","width":300,"height":72,"caption":"Tecnospan"},"image":{"@id":"https:\/\/tecnospan.es\/#\/schema\/logo\/image\/"}}]}},"_links":{"self":[{"href":"https:\/\/tecnospan.es\/fr\/wp-json\/wp\/v2\/pages\/765","targetHints":{"allow":["GET"]}}],"collection":[{"href":"https:\/\/tecnospan.es\/fr\/wp-json\/wp\/v2\/pages"}],"about":[{"href":"https:\/\/tecnospan.es\/fr\/wp-json\/wp\/v2\/types\/page"}],"author":[{"embeddable":true,"href":"https:\/\/tecnospan.es\/fr\/wp-json\/wp\/v2\/users\/1"}],"replies":[{"embeddable":true,"href":"https:\/\/tecnospan.es\/fr\/wp-json\/wp\/v2\/comments?post=765"}],"version-history":[{"count":3,"href":"https:\/\/tecnospan.es\/fr\/wp-json\/wp\/v2\/pages\/765\/revisions"}],"predecessor-version":[{"id":2751,"href":"https:\/\/tecnospan.es\/fr\/wp-json\/wp\/v2\/pages\/765\/revisions\/2751"}],"wp:attachment":[{"href":"https:\/\/tecnospan.es\/fr\/wp-json\/wp\/v2\/media?parent=765"}],"curies":[{"name":"wp","href":"https:\/\/api.w.org\/{rel}","templated":true}]}}